{"id":530,"date":"2023-10-24T13:40:43","date_gmt":"2023-10-24T13:40:43","guid":{"rendered":"https:\/\/primeclass.cl\/?post_type=product&#038;p=530"},"modified":"2024-11-28T18:36:11","modified_gmt":"2024-11-28T18:36:11","slug":"transporte-vip-aeropuerto","status":"publish","type":"product","link":"https:\/\/primeclass.cl\/pt\/produto\/transporte-vip-aeropuerto\/","title":{"rendered":"Transporte VIP Aeroporto"},"content":{"rendered":"<p style=\"font-weight: 400;\" class=\"translation-block\">Viaje com luxo e conforto. Motoristas profissionais e ve\u00edculos de alto padr\u00e3o aguardam por voc\u00ea para uma viagem sem preocupa\u00e7\u00f5es.\nO servi\u00e7o inclui: Motorista profissional, tablet personalizada para identifica\u00e7\u00e3o, servi\u00e7o em v\u00e1rios idiomas, GPS e seguro.<\/p>\n<p><a href=\"https:\/\/primeclass.cl\/pt\/politicas-de-uso-y-tratamiento-de-datos\/#transporte\"><strong>Pol\u00edtica de uso<\/strong><\/a><\/p>","protected":false},"excerpt":{"rendered":"<p>Viaja con lujo y comodidad. Choferes profesionales y veh\u00edculos de alta gama te esperan para un viaje sin preocupaciones. El servicio incluye: Conductor profesional, tablet personalizada para identificaci\u00f3n, servicio en varios idiomas, GPS y seguro. Pol\u00edtica de Uso<\/p>","protected":false},"featured_media":184,"comment_status":"open","ping_status":"closed","template":"","meta":[],"product_brand":[],"product_cat":[22],"product_tag":[],"class_list":{"0":"post-530","1":"product","2":"type-product","3":"status-publish","4":"has-post-thumbnail","6":"product_cat-servicios","8":"first","9":"instock","10":"shipping-taxable","11":"purchasable","12":"product-type-variable"},"yoast_head":"<!-- This site is optimized with the Yoast SEO plugin v26.7 - https:\/\/yoast.com\/wordpress\/plugins\/seo\/ -->\n<title>Transporte VIP Aeropuerto - PrimeClass<\/title>\n<meta name=\"description\" content=\"Viaja con lujo y comodidad: choferes profesionales, veh\u00edculos de alta gama, servicio multiling\u00fce, GPS y seguro para un traslado sin preocupaciones.\" \/>\n<meta name=\"robots\" content=\"index, follow, max-snippet:-1, max-image-preview:large, max-video-preview:-1\" \/>\n<link rel=\"canonical\" href=\"https:\/\/primeclass.cl\/pt\/produto\/transporte-vip-aeropuerto\/\" \/>\n<meta property=\"og:locale\" content=\"pt_BR\" \/>\n<meta property=\"og:type\" content=\"article\" \/>\n<meta property=\"og:title\" content=\"Transporte VIP Aeropuerto - PrimeClass\" \/>\n<meta property=\"og:description\" content=\"Viaja con lujo y comodidad: choferes profesionales, veh\u00edculos de alta gama, servicio multiling\u00fce, GPS y seguro para un traslado sin preocupaciones.\" \/>\n<meta property=\"og:url\" content=\"https:\/\/primeclass.cl\/pt\/produto\/transporte-vip-aeropuerto\/\" \/>\n<meta property=\"og:site_name\" content=\"PrimeClass\" \/>\n<meta property=\"article:modified_time\" content=\"2024-11-28T18:36:11+00:00\" \/>\n<meta property=\"og:image\" content=\"https:\/\/primeclass.cl\/wp-content\/uploads\/2023\/10\/transporte.jpg\" \/>\n\t<meta property=\"og:image:width\" content=\"1000\" \/>\n\t<meta property=\"og:image:height\" content=\"667\" \/>\n\t<meta property=\"og:image:type\" content=\"image\/jpeg\" \/>\n<meta name=\"twitter:card\" content=\"summary_large_image\" \/>\n<meta name=\"twitter:label1\" content=\"Est. tempo de leitura\" \/>\n\t<meta name=\"twitter:data1\" content=\"1 minuto\" \/>\n<script type=\"application\/ld+json\" class=\"yoast-schema-graph\">{\"@context\":\"https:\/\/schema.org\",\"@graph\":[{\"@type\":\"WebPage\",\"@id\":\"https:\/\/primeclass.cl\/producto\/transporte-vip-aeropuerto\/\",\"url\":\"https:\/\/primeclass.cl\/producto\/transporte-vip-aeropuerto\/\",\"name\":\"Transporte VIP Aeropuerto - PrimeClass\",\"isPartOf\":{\"@id\":\"https:\/\/primeclass.cl\/#website\"},\"primaryImageOfPage\":{\"@id\":\"https:\/\/primeclass.cl\/producto\/transporte-vip-aeropuerto\/#primaryimage\"},\"image\":{\"@id\":\"https:\/\/primeclass.cl\/producto\/transporte-vip-aeropuerto\/#primaryimage\"},\"thumbnailUrl\":\"https:\/\/primeclass.cl\/wp-content\/uploads\/2023\/10\/transporte.jpg\",\"datePublished\":\"2023-10-24T13:40:43+00:00\",\"dateModified\":\"2024-11-28T18:36:11+00:00\",\"description\":\"Viaja con lujo y comodidad: choferes profesionales, veh\u00edculos de alta gama, servicio multiling\u00fce, GPS y seguro para un traslado sin preocupaciones.\",\"breadcrumb\":{\"@id\":\"https:\/\/primeclass.cl\/producto\/transporte-vip-aeropuerto\/#breadcrumb\"},\"inLanguage\":\"pt-BR\",\"potentialAction\":[{\"@type\":\"ReadAction\",\"target\":[\"https:\/\/primeclass.cl\/producto\/transporte-vip-aeropuerto\/\"]}]},{\"@type\":\"ImageObject\",\"inLanguage\":\"pt-BR\",\"@id\":\"https:\/\/primeclass.cl\/producto\/transporte-vip-aeropuerto\/#primaryimage\",\"url\":\"https:\/\/primeclass.cl\/wp-content\/uploads\/2023\/10\/transporte.jpg\",\"contentUrl\":\"https:\/\/primeclass.cl\/wp-content\/uploads\/2023\/10\/transporte.jpg\",\"width\":1000,\"height\":667,\"caption\":\"Young handsome businessman is sitting in luxury car. Serious bearded man in suit\"},{\"@type\":\"BreadcrumbList\",\"@id\":\"https:\/\/primeclass.cl\/producto\/transporte-vip-aeropuerto\/#breadcrumb\",\"itemListElement\":[{\"@type\":\"ListItem\",\"position\":1,\"name\":\"Portada\",\"item\":\"https:\/\/primeclass.cl\/\"},{\"@type\":\"ListItem\",\"position\":2,\"name\":\"Tienda\",\"item\":\"https:\/\/primeclass.cl\/tienda\/\"},{\"@type\":\"ListItem\",\"position\":3,\"name\":\"Transporte VIP Aeropuerto\"}]},{\"@type\":\"WebSite\",\"@id\":\"https:\/\/primeclass.cl\/#website\",\"url\":\"https:\/\/primeclass.cl\/\",\"name\":\"Prime Class Salones Vip\",\"description\":\"Salones Vip Aeropuerto SCL\",\"publisher\":{\"@id\":\"https:\/\/primeclass.cl\/#organization\"},\"potentialAction\":[{\"@type\":\"SearchAction\",\"target\":{\"@type\":\"EntryPoint\",\"urlTemplate\":\"https:\/\/primeclass.cl\/?s={search_term_string}\"},\"query-input\":{\"@type\":\"PropertyValueSpecification\",\"valueRequired\":true,\"valueName\":\"search_term_string\"}}],\"inLanguage\":\"pt-BR\"},{\"@type\":\"Organization\",\"@id\":\"https:\/\/primeclass.cl\/#organization\",\"name\":\"PrimeClass Pac\u00edfico\",\"url\":\"https:\/\/primeclass.cl\/\",\"logo\":{\"@type\":\"ImageObject\",\"inLanguage\":\"pt-BR\",\"@id\":\"https:\/\/primeclass.cl\/#\/schema\/logo\/image\/\",\"url\":\"https:\/\/primeclass.cl\/wp-content\/uploads\/2024\/10\/Logo-sin-fondo.png\",\"contentUrl\":\"https:\/\/primeclass.cl\/wp-content\/uploads\/2024\/10\/Logo-sin-fondo.png\",\"width\":832,\"height\":832,\"caption\":\"PrimeClass Pac\u00edfico\"},\"image\":{\"@id\":\"https:\/\/primeclass.cl\/#\/schema\/logo\/image\/\"},\"sameAs\":[\"https:\/\/www.linkedin.com\/company\/primeclass-pacifico\",\"https:\/\/www.instagram.com\/primeclasspacifico\/\"]}]}<\/script>\n<!-- \/ Yoast SEO plugin. -->","yoast_head_json":{"title":"Transporte VIP Aeropuerto - PrimeClass","description":"Viaja con lujo y comodidad: choferes profesionales, veh\u00edculos de alta gama, servicio multiling\u00fce, GPS y seguro para un traslado sin preocupaciones.","robots":{"index":"index","follow":"follow","max-snippet":"max-snippet:-1","max-image-preview":"max-image-preview:large","max-video-preview":"max-video-preview:-1"},"canonical":"https:\/\/primeclass.cl\/pt\/produto\/transporte-vip-aeropuerto\/","og_locale":"pt_BR","og_type":"article","og_title":"Transporte VIP Aeropuerto - PrimeClass","og_description":"Viaja con lujo y comodidad: choferes profesionales, veh\u00edculos de alta gama, servicio multiling\u00fce, GPS y seguro para un traslado sin preocupaciones.","og_url":"https:\/\/primeclass.cl\/pt\/produto\/transporte-vip-aeropuerto\/","og_site_name":"PrimeClass","article_modified_time":"2024-11-28T18:36:11+00:00","og_image":[{"width":1000,"height":667,"url":"https:\/\/primeclass.cl\/wp-content\/uploads\/2023\/10\/transporte.jpg","type":"image\/jpeg"}],"twitter_card":"summary_large_image","twitter_misc":{"Est. tempo de leitura":"1 minuto"},"schema":{"@context":"https:\/\/schema.org","@graph":[{"@type":"WebPage","@id":"https:\/\/primeclass.cl\/producto\/transporte-vip-aeropuerto\/","url":"https:\/\/primeclass.cl\/producto\/transporte-vip-aeropuerto\/","name":"Transporte VIP Aeropuerto - PrimeClass","isPartOf":{"@id":"https:\/\/primeclass.cl\/#website"},"primaryImageOfPage":{"@id":"https:\/\/primeclass.cl\/producto\/transporte-vip-aeropuerto\/#primaryimage"},"image":{"@id":"https:\/\/primeclass.cl\/producto\/transporte-vip-aeropuerto\/#primaryimage"},"thumbnailUrl":"https:\/\/primeclass.cl\/wp-content\/uploads\/2023\/10\/transporte.jpg","datePublished":"2023-10-24T13:40:43+00:00","dateModified":"2024-11-28T18:36:11+00:00","description":"Viaja con lujo y comodidad: choferes profesionales, veh\u00edculos de alta gama, servicio multiling\u00fce, GPS y seguro para un traslado sin preocupaciones.","breadcrumb":{"@id":"https:\/\/primeclass.cl\/producto\/transporte-vip-aeropuerto\/#breadcrumb"},"inLanguage":"pt-BR","potentialAction":[{"@type":"ReadAction","target":["https:\/\/primeclass.cl\/producto\/transporte-vip-aeropuerto\/"]}]},{"@type":"ImageObject","inLanguage":"pt-BR","@id":"https:\/\/primeclass.cl\/producto\/transporte-vip-aeropuerto\/#primaryimage","url":"https:\/\/primeclass.cl\/wp-content\/uploads\/2023\/10\/transporte.jpg","contentUrl":"https:\/\/primeclass.cl\/wp-content\/uploads\/2023\/10\/transporte.jpg","width":1000,"height":667,"caption":"Young handsome businessman is sitting in luxury car. Serious bearded man in suit"},{"@type":"BreadcrumbList","@id":"https:\/\/primeclass.cl\/producto\/transporte-vip-aeropuerto\/#breadcrumb","itemListElement":[{"@type":"ListItem","position":1,"name":"Portada","item":"https:\/\/primeclass.cl\/"},{"@type":"ListItem","position":2,"name":"Tienda","item":"https:\/\/primeclass.cl\/tienda\/"},{"@type":"ListItem","position":3,"name":"Transporte VIP Aeropuerto"}]},{"@type":"WebSite","@id":"https:\/\/primeclass.cl\/#website","url":"https:\/\/primeclass.cl\/","name":"Prime Class Salones Vip","description":"Salones Vip Aeropuerto SCL","publisher":{"@id":"https:\/\/primeclass.cl\/#organization"},"potentialAction":[{"@type":"SearchAction","target":{"@type":"EntryPoint","urlTemplate":"https:\/\/primeclass.cl\/?s={search_term_string}"},"query-input":{"@type":"PropertyValueSpecification","valueRequired":true,"valueName":"search_term_string"}}],"inLanguage":"pt-BR"},{"@type":"Organization","@id":"https:\/\/primeclass.cl\/#organization","name":"PrimeClass Pac\u00edfico","url":"https:\/\/primeclass.cl\/","logo":{"@type":"ImageObject","inLanguage":"pt-BR","@id":"https:\/\/primeclass.cl\/#\/schema\/logo\/image\/","url":"https:\/\/primeclass.cl\/wp-content\/uploads\/2024\/10\/Logo-sin-fondo.png","contentUrl":"https:\/\/primeclass.cl\/wp-content\/uploads\/2024\/10\/Logo-sin-fondo.png","width":832,"height":832,"caption":"PrimeClass Pac\u00edfico"},"image":{"@id":"https:\/\/primeclass.cl\/#\/schema\/logo\/image\/"},"sameAs":["https:\/\/www.linkedin.com\/company\/primeclass-pacifico","https:\/\/www.instagram.com\/primeclasspacifico\/"]}]}},"_links":{"self":[{"href":"https:\/\/primeclass.cl\/pt\/wp-json\/wp\/v2\/product\/530","targetHints":{"allow":["GET"]}}],"collection":[{"href":"https:\/\/primeclass.cl\/pt\/wp-json\/wp\/v2\/product"}],"about":[{"href":"https:\/\/primeclass.cl\/pt\/wp-json\/wp\/v2\/types\/product"}],"replies":[{"embeddable":true,"href":"https:\/\/primeclass.cl\/pt\/wp-json\/wp\/v2\/comments?post=530"}],"wp:featuredmedia":[{"embeddable":true,"href":"https:\/\/primeclass.cl\/pt\/wp-json\/wp\/v2\/media\/184"}],"wp:attachment":[{"href":"https:\/\/primeclass.cl\/pt\/wp-json\/wp\/v2\/media?parent=530"}],"wp:term":[{"taxonomy":"product_brand","embeddable":true,"href":"https:\/\/primeclass.cl\/pt\/wp-json\/wp\/v2\/product_brand?post=530"},{"taxonomy":"product_cat","embeddable":true,"href":"https:\/\/primeclass.cl\/pt\/wp-json\/wp\/v2\/product_cat?post=530"},{"taxonomy":"product_tag","embeddable":true,"href":"https:\/\/primeclass.cl\/pt\/wp-json\/wp\/v2\/product_tag?post=530"}],"curies":[{"name":"wp","href":"https:\/\/api.w.org\/{rel}","templated":true}]}}