{"id":528,"date":"2023-10-24T13:33:59","date_gmt":"2023-10-24T13:33:59","guid":{"rendered":"https:\/\/primeclass.cl\/?post_type=product&#038;p=528"},"modified":"2026-03-17T12:18:49","modified_gmt":"2026-03-17T12:18:49","slug":"meet-and-greet","status":"publish","type":"product","link":"https:\/\/primeclass.cl\/pt\/produto\/meet-and-greet\/","title":{"rendered":"Meet &#038; Greet Oficial Aeropuerto Santiago Chile SCL"},"content":{"rendered":"<p>&nbsp;<\/p>\n<h1 style=\"text-align: center;\"><strong>Servicio Meet &amp; Greet Oficial del Aeropuerto Nuevo Pudahuel SCL<\/strong><\/h1>\n<p style=\"text-align: center;\">Nuestro servicio oficial de <strong>Meet &amp; Greet<\/strong>\u00a0te ofrece una bienvenida personalizada y asistencia experta en cada paso de tu viaje. <span class=\"highlight\">Torne sua experi\u00eancia no aeroporto tranquila e repleta de cuidados exclusivos.<\/span> Desde o momento da sua chegada ao Aeroporto Internacional Arturo Merino Ben\u00edtez (SCL), um assistente profissional o receber\u00e1 e o acompanhar\u00e1 durante todo o processo, garantindo que sua passagem pelas instala\u00e7\u00f5es seja r\u00e1pida, confort\u00e1vel e eficiente.<\/p>\n<p style=\"text-align: center;\">Con nuestro servicio exclusivo de Meet &amp; Greet, disfrutar\u00e1s de asistencia prioritaria para que tu experiencia de viaje sea mucho m\u00e1s placentera. Este servicio est\u00e1 dise\u00f1ado para ayudarte a superar cualquier desaf\u00edo que puedas encontrar en el aeropuerto, proporcionando asistencia tanto en la llegada como en la salida de tu vuelo. \u00bfTe gustar\u00eda recibir apoyo para agilizar el proceso de migraci\u00f3n y seguridad? \u00a1Nosotros te ayudamos!<\/p>\n<p style=\"text-align: center;\">Oferecemos assist\u00eancia personalizada para todos os tipos de passageiros, incluindo aqueles com necessidades especiais, fam\u00edlias com crian\u00e7as, idosos ou quem prefere um servi\u00e7o mais exclusivo. Nossos especialistas em atendimento ao cliente estar\u00e3o \u00e0 disposi\u00e7\u00e3o para garantir que cada detalhe seja tratado de maneira eficiente e profissional.<\/p>\n<p style=\"text-align: center;\"><span class=\"important\">N\u00e3o inclui Fast Track<\/span> (no disponible en aeropuertos de Chile), pero el servicio de Meet &amp; Greet cubre una serie de beneficios para hacer tu paso por el aeropuerto m\u00e1s \u00e1gil. Ofrecemos la asistencia en el proceso de <strong>check-in<\/strong>manuseio de bagagens e acompanhamento exclusivo durante os processos de seguran\u00e7a e migra\u00e7\u00e3o. Al\u00e9m disso, voc\u00ea ter\u00e1 acesso \u00e0s \u00e1reas VIP e de descanso (sujeito \u00e0 disponibilidade).<\/p>\n<h2 style=\"text-align: center;\">\u00bfQu\u00e9 incluye el servicio de Meet &amp; Greet?<\/h2>\n<p style=\"text-align: center;\"><strong>Assist\u00eancia personalizada ao chegar ou sair do aeroporto<\/strong>Nossa equipe ir\u00e1 orient\u00e1-lo desde o momento em que voc\u00ea chegar ao Aeroporto Novo Pudahuel, ajudando-o a navegar pelo aeroporto com facilidade.<\/p>\n<p style=\"text-align: center;\"><strong>Suporte com as bagagens<\/strong>Se voc\u00ea precisar de ajuda com suas bagagens, nossos assistentes cuidar\u00e3o disso, permitindo que voc\u00ea viaje de forma mais confort\u00e1vel.<\/p>\n<p style=\"text-align: center;\"><strong>Agiliza\u00e7\u00e3o dos processos de seguran\u00e7a e migra\u00e7\u00e3o:<\/strong>Nosso pessoal ajudar\u00e1 voc\u00ea a passar pelos controles de seguran\u00e7a e migra\u00e7\u00e3o, otimizando seu tempo e reduzindo suas preocupa\u00e7\u00f5es.<\/p>\n<p style=\"text-align: center;\"><strong>Acesso \u00e0s \u00e1reas VIP<\/strong>Voc\u00ea ter\u00e1 acesso \u00e0s salas de espera exclusivas, onde poder\u00e1 descansar e aproveitar um ambiente relaxante antes do seu voo (o acesso \u00e9 vendido separadamente).<\/p>\n<p style=\"text-align: center;\"><strong>Assist\u00eancia para pessoas com mobilidade reduzida<\/strong>Se voc\u00ea tiver alguma condi\u00e7\u00e3o que exija assist\u00eancia especial, nossos profissionais estar\u00e3o dispon\u00edveis para lhe fornecer todo o apoio necess\u00e1rio.<\/p>\n<p style=\"text-align: center;\"><b>VALORES POR PASAJERO<\/b><\/p>\n<h2 style=\"text-align: center;\">\u00bfPor qu\u00e9 elegir nuestro servicio Meet &amp; Greet en el Aeropuerto Nuevo Pudahuel?<\/h2>\n<p style=\"text-align: center;\">Contamos com uma equipe altamente treinada e com ampla experi\u00eancia no atendimento de passageiros no Aeroporto Novo Pudahuel. Nosso objetivo \u00e9 tornar sua passagem pelo aeroporto o mais simples e livre de estresse poss\u00edvel, permitindo que voc\u00ea aproveite um servi\u00e7o de qualidade e exclusivo. Seja para uma viagem de neg\u00f3cios ou lazer, nossa miss\u00e3o \u00e9 garantir que sua experi\u00eancia seja memor\u00e1vel e livre de imprevistos.<\/p>\n<h3 style=\"text-align: center;\">Benef\u00edcios adicionais de escolher nosso servi\u00e7o<\/h3>\n<p style=\"text-align: center;\">Assist\u00eancia para conex\u00f5es de voos internacionais ou nacionais.<\/p>\n<p style=\"text-align: center;\">Transporte interno para quem precisar de ajuda para se deslocar dentro do aeroporto.<\/p>\n<p style=\"text-align: center;\">Informa\u00e7\u00f5es sobre o status do seu voo, port\u00f5es de embarque e quaisquer altera\u00e7\u00f5es importantes no seu itiner\u00e1rio.<\/p>\n<p style=\"text-align: center;\">Atendimento 24\/7, para que voc\u00ea possa contar conosco a qualquer hora do dia ou da noite.<\/p>\n<p style=\"text-align: center;\">Al elegir nuestro servicio de Meet &amp; Greet, no solo estar\u00e1s invirtiendo en una experiencia de viaje m\u00e1s c\u00f3moda y tranquila, sino tambi\u00e9n en un servicio de alta calidad que se ajusta a tus necesidades personales. Nuestros profesionales se encargar\u00e1n de todo, permiti\u00e9ndote disfrutar de un viaje sin complicaciones.<\/p>\n<p style=\"text-align: center;\">Tem d\u00favidas ou deseja reservar nosso servi\u00e7o? N\u00e3o hesite em <a href=\"mailto:contacto@primeclass.cl\">entrar em contato conosco<\/a> diretamente para mais informa\u00e7\u00f5es. Nossa equipe ter\u00e1 o prazer em fornecer todos os detalhes que voc\u00ea precisa.<\/p>\n<h2 style=\"text-align: center;\">Una vez que hayas comprado tu servicio, por favor escr\u00edbenos a reservations@primeclass.cl para coordinar los detalles.<\/h2>\n<p style=\"text-align: center;\">Para mais informa\u00e7\u00f5es sobre nossos termos e condi\u00e7\u00f5es, consulte nossa <a href=\"https:\/\/primeclass.cl\/pt\/politicas\/\"><strong>Pol\u00edtica de uso<\/strong><\/a> e obtenha todos os detalhes antes de fazer sua reserva.<\/p>","protected":false},"excerpt":{"rendered":"<p>&nbsp; Servicio Meet &amp; Greet Oficial del Aeropuerto Nuevo Pudahuel SCL Nuestro servicio oficial de Meet &amp; Greet\u00a0te ofrece una bienvenida personalizada y asistencia experta en cada paso de tu viaje. Haz que tu experiencia en el aeropuerto sea sin preocupaciones y llena de atenciones exclusivas. Desde el momento de tu llegada al Aeropuerto Internacional [&hellip;]<\/p>","protected":false},"featured_media":5374,"comment_status":"open","ping_status":"closed","template":"","meta":[],"product_brand":[],"product_cat":[22],"product_tag":[],"class_list":{"0":"post-528","1":"product","2":"type-product","3":"status-publish","4":"has-post-thumbnail","6":"product_cat-servicios","7":"wcpa_has_options","9":"first","10":"instock","11":"shipping-taxable","12":"purchasable","13":"product-type-variable"},"yoast_head":"<!-- This site is optimized with the Yoast SEO plugin v26.7 - https:\/\/yoast.com\/wordpress\/plugins\/seo\/ -->\n<title>Meet &amp; Greet Oficial Aeropuerto Santiago Chile SCL - PrimeClass<\/title>\n<meta name=\"description\" content=\"Servicio Meet and Greet del Aeropuerto Arturo Merino Ben\u00edtez, Santiago de Chile. Asistencia r\u00e1pida, fluida y segura en llegadas, salidas o tr\u00e1nsitos.\" \/>\n<meta name=\"robots\" content=\"index, follow, max-snippet:-1, max-image-preview:large, max-video-preview:-1\" \/>\n<link rel=\"canonical\" href=\"https:\/\/primeclass.cl\/pt\/produto\/meet-and-greet\/\" \/>\n<meta property=\"og:locale\" content=\"pt_BR\" \/>\n<meta property=\"og:type\" content=\"article\" \/>\n<meta property=\"og:title\" content=\"Meet &amp; Greet Oficial Aeropuerto Santiago Chile SCL - PrimeClass\" \/>\n<meta property=\"og:description\" content=\"Servicio Meet and Greet del Aeropuerto Arturo Merino Ben\u00edtez, Santiago de Chile. Asistencia r\u00e1pida, fluida y segura en llegadas, salidas o tr\u00e1nsitos.\" \/>\n<meta property=\"og:url\" content=\"https:\/\/primeclass.cl\/pt\/produto\/meet-and-greet\/\" \/>\n<meta property=\"og:site_name\" content=\"PrimeClass\" \/>\n<meta property=\"article:modified_time\" content=\"2026-03-17T12:18:49+00:00\" \/>\n<meta property=\"og:image\" content=\"https:\/\/primeclass.cl\/wp-content\/uploads\/2023\/10\/IMG-33-scaled.jpg\" \/>\n\t<meta property=\"og:image:width\" content=\"2560\" \/>\n\t<meta property=\"og:image:height\" content=\"1707\" \/>\n\t<meta property=\"og:image:type\" content=\"image\/jpeg\" \/>\n<meta name=\"twitter:card\" content=\"summary_large_image\" \/>\n<meta name=\"twitter:label1\" content=\"Est. tempo de leitura\" \/>\n\t<meta name=\"twitter:data1\" content=\"4 minutos\" \/>\n<script type=\"application\/ld+json\" class=\"yoast-schema-graph\">{\"@context\":\"https:\/\/schema.org\",\"@graph\":[{\"@type\":\"WebPage\",\"@id\":\"https:\/\/primeclass.cl\/producto\/meet-and-greet\/\",\"url\":\"https:\/\/primeclass.cl\/producto\/meet-and-greet\/\",\"name\":\"Meet & Greet Oficial Aeropuerto Santiago Chile SCL - PrimeClass\",\"isPartOf\":{\"@id\":\"https:\/\/primeclass.cl\/#website\"},\"primaryImageOfPage\":{\"@id\":\"https:\/\/primeclass.cl\/producto\/meet-and-greet\/#primaryimage\"},\"image\":{\"@id\":\"https:\/\/primeclass.cl\/producto\/meet-and-greet\/#primaryimage\"},\"thumbnailUrl\":\"https:\/\/primeclass.cl\/wp-content\/uploads\/2023\/10\/IMG-33-scaled.jpg\",\"datePublished\":\"2023-10-24T13:33:59+00:00\",\"dateModified\":\"2026-03-17T12:18:49+00:00\",\"description\":\"Servicio Meet and Greet del Aeropuerto Arturo Merino Ben\u00edtez, Santiago de Chile. Asistencia r\u00e1pida, fluida y segura en llegadas, salidas o tr\u00e1nsitos.\",\"breadcrumb\":{\"@id\":\"https:\/\/primeclass.cl\/producto\/meet-and-greet\/#breadcrumb\"},\"inLanguage\":\"pt-BR\",\"potentialAction\":[{\"@type\":\"ReadAction\",\"target\":[\"https:\/\/primeclass.cl\/producto\/meet-and-greet\/\"]}]},{\"@type\":\"ImageObject\",\"inLanguage\":\"pt-BR\",\"@id\":\"https:\/\/primeclass.cl\/producto\/meet-and-greet\/#primaryimage\",\"url\":\"https:\/\/primeclass.cl\/wp-content\/uploads\/2023\/10\/IMG-33-scaled.jpg\",\"contentUrl\":\"https:\/\/primeclass.cl\/wp-content\/uploads\/2023\/10\/IMG-33-scaled.jpg\",\"width\":2560,\"height\":1707,\"caption\":\"meet and greet scl primeclass pacifico\"},{\"@type\":\"BreadcrumbList\",\"@id\":\"https:\/\/primeclass.cl\/producto\/meet-and-greet\/#breadcrumb\",\"itemListElement\":[{\"@type\":\"ListItem\",\"position\":1,\"name\":\"Portada\",\"item\":\"https:\/\/primeclass.cl\/\"},{\"@type\":\"ListItem\",\"position\":2,\"name\":\"Tienda\",\"item\":\"https:\/\/primeclass.cl\/tienda\/\"},{\"@type\":\"ListItem\",\"position\":3,\"name\":\"Meet &#038; Greet Oficial Aeropuerto Santiago Chile SCL\"}]},{\"@type\":\"WebSite\",\"@id\":\"https:\/\/primeclass.cl\/#website\",\"url\":\"https:\/\/primeclass.cl\/\",\"name\":\"Prime Class Salones Vip\",\"description\":\"Salones Vip Aeropuerto SCL\",\"publisher\":{\"@id\":\"https:\/\/primeclass.cl\/#organization\"},\"potentialAction\":[{\"@type\":\"SearchAction\",\"target\":{\"@type\":\"EntryPoint\",\"urlTemplate\":\"https:\/\/primeclass.cl\/?s={search_term_string}\"},\"query-input\":{\"@type\":\"PropertyValueSpecification\",\"valueRequired\":true,\"valueName\":\"search_term_string\"}}],\"inLanguage\":\"pt-BR\"},{\"@type\":\"Organization\",\"@id\":\"https:\/\/primeclass.cl\/#organization\",\"name\":\"PrimeClass Pac\u00edfico\",\"url\":\"https:\/\/primeclass.cl\/\",\"logo\":{\"@type\":\"ImageObject\",\"inLanguage\":\"pt-BR\",\"@id\":\"https:\/\/primeclass.cl\/#\/schema\/logo\/image\/\",\"url\":\"https:\/\/primeclass.cl\/wp-content\/uploads\/2024\/10\/Logo-sin-fondo.png\",\"contentUrl\":\"https:\/\/primeclass.cl\/wp-content\/uploads\/2024\/10\/Logo-sin-fondo.png\",\"width\":832,\"height\":832,\"caption\":\"PrimeClass Pac\u00edfico\"},\"image\":{\"@id\":\"https:\/\/primeclass.cl\/#\/schema\/logo\/image\/\"},\"sameAs\":[\"https:\/\/www.linkedin.com\/company\/primeclass-pacifico\",\"https:\/\/www.instagram.com\/primeclasspacifico\/\"]}]}<\/script>\n<!-- \/ Yoast SEO plugin. -->","yoast_head_json":{"title":"Meet &amp; Greet Oficial no Aeroporto de Santiago do Chile SCL - PrimeClass","description":"Servi\u00e7o de Recep\u00e7\u00e3o e Recep\u00e7\u00e3o no Aeroporto Arturo Merino Ben\u00edtez, em Santiago do Chile. Assist\u00eancia r\u00e1pida, tranquila e segura para chegadas, partidas ou tr\u00e2nsito.","robots":{"index":"index","follow":"follow","max-snippet":"max-snippet:-1","max-image-preview":"max-image-preview:large","max-video-preview":"max-video-preview:-1"},"canonical":"https:\/\/primeclass.cl\/pt\/produto\/meet-and-greet\/","og_locale":"pt_BR","og_type":"article","og_title":"Meet & Greet Oficial Aeropuerto Santiago Chile SCL - PrimeClass","og_description":"Servicio Meet and Greet del Aeropuerto Arturo Merino Ben\u00edtez, Santiago de Chile. Asistencia r\u00e1pida, fluida y segura en llegadas, salidas o tr\u00e1nsitos.","og_url":"https:\/\/primeclass.cl\/pt\/produto\/meet-and-greet\/","og_site_name":"PrimeClass","article_modified_time":"2026-03-17T12:18:49+00:00","og_image":[{"width":2560,"height":1707,"url":"https:\/\/primeclass.cl\/wp-content\/uploads\/2023\/10\/IMG-33-scaled.jpg","type":"image\/jpeg"}],"twitter_card":"summary_large_image","twitter_misc":{"Est. tempo de leitura":"4 minutos"},"schema":{"@context":"https:\/\/schema.org","@graph":[{"@type":"WebPage","@id":"https:\/\/primeclass.cl\/producto\/meet-and-greet\/","url":"https:\/\/primeclass.cl\/producto\/meet-and-greet\/","name":"Meet &amp; Greet Oficial no Aeroporto de Santiago do Chile SCL - PrimeClass","isPartOf":{"@id":"https:\/\/primeclass.cl\/#website"},"primaryImageOfPage":{"@id":"https:\/\/primeclass.cl\/producto\/meet-and-greet\/#primaryimage"},"image":{"@id":"https:\/\/primeclass.cl\/producto\/meet-and-greet\/#primaryimage"},"thumbnailUrl":"https:\/\/primeclass.cl\/wp-content\/uploads\/2023\/10\/IMG-33-scaled.jpg","datePublished":"2023-10-24T13:33:59+00:00","dateModified":"2026-03-17T12:18:49+00:00","description":"Servi\u00e7o de Recep\u00e7\u00e3o e Recep\u00e7\u00e3o no Aeroporto Arturo Merino Ben\u00edtez, em Santiago do Chile. Assist\u00eancia r\u00e1pida, tranquila e segura para chegadas, partidas ou tr\u00e2nsito.","breadcrumb":{"@id":"https:\/\/primeclass.cl\/producto\/meet-and-greet\/#breadcrumb"},"inLanguage":"pt-BR","potentialAction":[{"@type":"ReadAction","target":["https:\/\/primeclass.cl\/producto\/meet-and-greet\/"]}]},{"@type":"ImageObject","inLanguage":"pt-BR","@id":"https:\/\/primeclass.cl\/producto\/meet-and-greet\/#primaryimage","url":"https:\/\/primeclass.cl\/wp-content\/uploads\/2023\/10\/IMG-33-scaled.jpg","contentUrl":"https:\/\/primeclass.cl\/wp-content\/uploads\/2023\/10\/IMG-33-scaled.jpg","width":2560,"height":1707,"caption":"meet and greet scl primeclass pacifico"},{"@type":"BreadcrumbList","@id":"https:\/\/primeclass.cl\/producto\/meet-and-greet\/#breadcrumb","itemListElement":[{"@type":"ListItem","position":1,"name":"Portada","item":"https:\/\/primeclass.cl\/"},{"@type":"ListItem","position":2,"name":"Tienda","item":"https:\/\/primeclass.cl\/tienda\/"},{"@type":"ListItem","position":3,"name":"Meet &#038; Greet Oficial Aeropuerto Santiago Chile SCL"}]},{"@type":"WebSite","@id":"https:\/\/primeclass.cl\/#website","url":"https:\/\/primeclass.cl\/","name":"Prime Class Salones Vip","description":"Salones Vip Aeropuerto SCL","publisher":{"@id":"https:\/\/primeclass.cl\/#organization"},"potentialAction":[{"@type":"SearchAction","target":{"@type":"EntryPoint","urlTemplate":"https:\/\/primeclass.cl\/?s={search_term_string}"},"query-input":{"@type":"PropertyValueSpecification","valueRequired":true,"valueName":"search_term_string"}}],"inLanguage":"pt-BR"},{"@type":"Organization","@id":"https:\/\/primeclass.cl\/#organization","name":"PrimeClass Pac\u00edfico","url":"https:\/\/primeclass.cl\/","logo":{"@type":"ImageObject","inLanguage":"pt-BR","@id":"https:\/\/primeclass.cl\/#\/schema\/logo\/image\/","url":"https:\/\/primeclass.cl\/wp-content\/uploads\/2024\/10\/Logo-sin-fondo.png","contentUrl":"https:\/\/primeclass.cl\/wp-content\/uploads\/2024\/10\/Logo-sin-fondo.png","width":832,"height":832,"caption":"PrimeClass Pac\u00edfico"},"image":{"@id":"https:\/\/primeclass.cl\/#\/schema\/logo\/image\/"},"sameAs":["https:\/\/www.linkedin.com\/company\/primeclass-pacifico","https:\/\/www.instagram.com\/primeclasspacifico\/"]}]}},"_links":{"self":[{"href":"https:\/\/primeclass.cl\/pt\/wp-json\/wp\/v2\/product\/528","targetHints":{"allow":["GET"]}}],"collection":[{"href":"https:\/\/primeclass.cl\/pt\/wp-json\/wp\/v2\/product"}],"about":[{"href":"https:\/\/primeclass.cl\/pt\/wp-json\/wp\/v2\/types\/product"}],"replies":[{"embeddable":true,"href":"https:\/\/primeclass.cl\/pt\/wp-json\/wp\/v2\/comments?post=528"}],"wp:featuredmedia":[{"embeddable":true,"href":"https:\/\/primeclass.cl\/pt\/wp-json\/wp\/v2\/media\/5374"}],"wp:attachment":[{"href":"https:\/\/primeclass.cl\/pt\/wp-json\/wp\/v2\/media?parent=528"}],"wp:term":[{"taxonomy":"product_brand","embeddable":true,"href":"https:\/\/primeclass.cl\/pt\/wp-json\/wp\/v2\/product_brand?post=528"},{"taxonomy":"product_cat","embeddable":true,"href":"https:\/\/primeclass.cl\/pt\/wp-json\/wp\/v2\/product_cat?post=528"},{"taxonomy":"product_tag","embeddable":true,"href":"https:\/\/primeclass.cl\/pt\/wp-json\/wp\/v2\/product_tag?post=528"}],"curies":[{"name":"wp","href":"https:\/\/api.w.org\/{rel}","templated":true}]}}