{"id":5563,"date":"2025-02-04T13:22:10","date_gmt":"2025-02-04T13:22:10","guid":{"rendered":"https:\/\/primeclass.cl\/?page_id=5563"},"modified":"2025-02-04T19:32:55","modified_gmt":"2025-02-04T19:32:55","slug":"venta-corporativa","status":"publish","type":"page","link":"https:\/\/primeclass.cl\/pt\/venta-corporativa\/","title":{"rendered":"Venda Corporativa"},"content":{"rendered":"<div data-elementor-type=\"wp-page\" data-elementor-id=\"5563\" class=\"elementor elementor-5563\" data-elementor-post-type=\"page\">\n\t\t\t\t\t\t<section class=\"elementor-section elementor-top-section elementor-element elementor-element-7469100 elementor-section-full_width elementor-section-stretched elementor-section-height-default elementor-section-height-default\" data-id=\"7469100\" data-element_type=\"section\" data-settings=\"{&quot;background_background&quot;:&quot;classic&quot;,&quot;stretch_section&quot;:&quot;section-stretched&quot;}\">\n\t\t\t\t\t\t<div class=\"elementor-container elementor-column-gap-no\">\n\t\t\t\t\t<div class=\"elementor-column elementor-col-50 elementor-top-column elementor-element elementor-element-4e8c3a9\" data-id=\"4e8c3a9\" data-element_type=\"column\">\n\t\t\t<div class=\"elementor-widget-wrap elementor-element-populated\">\n\t\t\t\t\t\t<div class=\"elementor-element elementor-element-cc568a5 elementor-widget elementor-widget-spacer\" data-id=\"cc568a5\" data-element_type=\"widget\" data-widget_type=\"spacer.default\">\n\t\t\t\t<div class=\"elementor-widget-container\">\n\t\t\t\t\t\t\t<div class=\"elementor-spacer\">\n\t\t\t<div class=\"elementor-spacer-inner\"><\/div>\n\t\t<\/div>\n\t\t\t\t\t\t<\/div>\n\t\t\t\t<\/div>\n\t\t\t\t<div class=\"elementor-element elementor-element-8aea755 elementor-widget elementor-widget-heading\" data-id=\"8aea755\" data-element_type=\"widget\" data-widget_type=\"heading.default\">\n\t\t\t\t<div class=\"elementor-widget-container\">\n\t\t\t\t\t<h2 class=\"elementor-heading-title elementor-size-default\">VENDA PARA EMPRESAS OU AG\u00caNCIAS<\/h2>\t\t\t\t<\/div>\n\t\t\t\t<\/div>\n\t\t\t\t<div class=\"elementor-element elementor-element-14e1e3e elementor-widget-divider--view-line elementor-widget elementor-widget-divider\" data-id=\"14e1e3e\" data-element_type=\"widget\" data-widget_type=\"divider.default\">\n\t\t\t\t<div class=\"elementor-widget-container\">\n\t\t\t\t\t\t\t<div class=\"elementor-divider\">\n\t\t\t<span class=\"elementor-divider-separator\">\n\t\t\t\t\t\t<\/span>\n\t\t<\/div>\n\t\t\t\t\t\t<\/div>\n\t\t\t\t<\/div>\n\t\t\t\t<div class=\"elementor-element elementor-element-4189b3b elementor-widget elementor-widget-text-editor\" data-id=\"4189b3b\" data-element_type=\"widget\" data-widget_type=\"text-editor.default\">\n\t\t\t\t<div class=\"elementor-widget-container\">\n\t\t\t\t\t\t\t\t\t<h3>Servi\u00e7os Exclusivos nos Sal\u00f5es VIP do Aeroporto Arturo Merino Ben\u00edtez<\/h3><h4>Acesso ao Sal\u00e3o VIP<\/h4><p><strong>Ofere\u00e7a aos seus clientes, funcion\u00e1rios ou passageiros o acesso exclusivo aos nossos Sal\u00f5es VIP<\/strong> no Aeroporto Arturo Merino Ben\u00edtez. Conecte-os com conforto e luxo, onde poder\u00e3o relaxar, trabalhar ou descansar antes do voo. Nossos sal\u00f5es incluem Wi-Fi de alta velocidade, bebidas e aperitivos gourmet, al\u00e9m de zonas de descanso.<\/p><h4>Meet and Greet para Passageiros (Servi\u00e7o Oficial do Aeroporto)<\/h4><p><strong>Oferecemos o servi\u00e7o de Meet and Greet para seus passageiros<\/strong> garantindo uma experi\u00eancia de viagem sem estresse. Um assistente pessoal os receber\u00e1 no aeroporto, ajudar\u00e1 com a bagagem e os guiar\u00e1 durante os procedimentos de seguran\u00e7a e imigra\u00e7\u00e3o. Um servi\u00e7o personalizado e eficiente desde o momento da chegada ao aeroporto.<\/p><h4>Traslados em Carros VIP<\/h4><p><strong>Ofere\u00e7a aos seus clientes traslados em carros VIP<\/strong> para garantir uma viagem confort\u00e1vel e segura de e para o Aeroporto Arturo Merino Ben\u00edtez. Nossos ve\u00edculos de luxo est\u00e3o equipados com as \u00faltimas tecnologias e conduzidos por motoristas profissionais. Perfeito para quem viaja a neg\u00f3cios ou lazer, garantindo que cheguem ao destino com estilo e pontualidade.<\/p><h4>Publicidade nos Sal\u00f5es VIP<\/h4><p><strong>Maximize a visibilidade da sua marca oferecendo publicidade nos nossos Sal\u00f5es VIP<\/strong>. Aproveite o ambiente exclusivo e o perfil seleto de nossos usu\u00e1rios para promover produtos e servi\u00e7os de forma eficaz. Diversos formatos publicit\u00e1rios dispon\u00edveis, desde displays digitais at\u00e9 a personaliza\u00e7\u00e3o dos espa\u00e7os, para se adaptar \u00e0s suas necessidades espec\u00edficas.<\/p><h3>Vendas Corporativas<\/h3><p><strong>Oferecemos nossos servi\u00e7os para empresas, ag\u00eancias de viagens e empresas de m\u00eddia<\/strong> para que possam proporcionar aos seus clientes, funcion\u00e1rios ou passageiros uma experi\u00eancia exclusiva no Aeroporto Arturo Merino Ben\u00edtez. Fornecemos solu\u00e7\u00f5es sob medida para atender \u00e0s necessidades de nossos clientes corporativos, desde espa\u00e7os para reuni\u00f5es at\u00e9 servi\u00e7os de traslado VIP.<\/p><h3>Contato<\/h3><p>Interessado em nossos servi\u00e7os? Estamos aqui para ajud\u00e1-lo! Entre em contato conosco para mais informa\u00e7\u00f5es e para personalizar a experi\u00eancia de seus clientes, funcion\u00e1rios ou passageiros.<\/p><ul><li><p><strong>E-mail<\/strong> contacto@primeclass.cl<\/p><\/li><li><p><strong>Endere\u00e7o<\/strong> Nueva Costanera 3698, Oficina 603<\/p><\/li><\/ul>\t\t\t\t\t\t\t\t<\/div>\n\t\t\t\t<\/div>\n\t\t\t\t\t<\/div>\n\t\t<\/div>\n\t\t\t\t<div class=\"elementor-column elementor-col-50 elementor-top-column elementor-element elementor-element-c635bfb\" data-id=\"c635bfb\" data-element_type=\"column\" data-settings=\"{&quot;background_background&quot;:&quot;classic&quot;}\">\n\t\t\t<div class=\"elementor-widget-wrap elementor-element-populated\">\n\t\t\t\t\t\t<div class=\"elementor-element elementor-element-f728727 elementor-widget elementor-widget-spacer\" data-id=\"f728727\" data-element_type=\"widget\" data-widget_type=\"spacer.default\">\n\t\t\t\t<div class=\"elementor-widget-container\">\n\t\t\t\t\t\t\t<div class=\"elementor-spacer\">\n\t\t\t<div class=\"elementor-spacer-inner\"><\/div>\n\t\t<\/div>\n\t\t\t\t\t\t<\/div>\n\t\t\t\t<\/div>\n\t\t\t\t<div class=\"elementor-element elementor-element-6e71dac elementor-widget elementor-widget-spacer\" data-id=\"6e71dac\" data-element_type=\"widget\" data-widget_type=\"spacer.default\">\n\t\t\t\t<div class=\"elementor-widget-container\">\n\t\t\t\t\t\t\t<div class=\"elementor-spacer\">\n\t\t\t<div class=\"elementor-spacer-inner\"><\/div>\n\t\t<\/div>\n\t\t\t\t\t\t<\/div>\n\t\t\t\t<\/div>\n\t\t\t\t\t<\/div>\n\t\t<\/div>\n\t\t\t\t\t<\/div>\n\t\t<\/section>\n\t\t\t\t<\/div>","protected":false},"excerpt":{"rendered":"<p>VENTA EMPRESAS O AGENCIAS Servicios Exclusivos en Salones VIP del Aeropuerto Arturo Merino Ben\u00edtez Acceso al Sal\u00f3n VIP Ofrece a tus clientes, empleados o pasajeros el acceso exclusivo a nuestros Salones VIP del Aeropuerto Arturo Merino Ben\u00edtez. Conecta con comodidad y lujo, donde podr\u00e1n relajarse, trabajar o descansar antes de su vuelo. Nuestros salones incluyen [&hellip;]<\/p>","protected":false},"author":13,"featured_media":0,"parent":0,"menu_order":0,"comment_status":"closed","ping_status":"closed","template":"elementor_header_footer","meta":{"footnotes":""},"class_list":["post-5563","page","type-page","status-publish","hentry"],"yoast_head":"<!-- This site is optimized with the Yoast SEO plugin v26.7 - https:\/\/yoast.com\/wordpress\/plugins\/seo\/ -->\n<title>Venta Corporativa - PrimeClass<\/title>\n<meta name=\"description\" content=\"Ofrecemos a empresas y agencias de viaje nuestros Salones VIP, Meet and Greet y publicidad exclusiva en el Aeropuerto Arturo Merino Ben\u00edtez.\" \/>\n<meta name=\"robots\" content=\"index, follow, max-snippet:-1, max-image-preview:large, max-video-preview:-1\" \/>\n<link rel=\"canonical\" href=\"https:\/\/primeclass.cl\/pt\/venta-corporativa\/\" \/>\n<meta property=\"og:locale\" content=\"pt_BR\" \/>\n<meta property=\"og:type\" content=\"article\" \/>\n<meta property=\"og:title\" content=\"Venta Corporativa - PrimeClass\" \/>\n<meta property=\"og:description\" content=\"Ofrecemos a empresas y agencias de viaje nuestros Salones VIP, Meet and Greet y publicidad exclusiva en el Aeropuerto Arturo Merino Ben\u00edtez.\" \/>\n<meta property=\"og:url\" content=\"https:\/\/primeclass.cl\/pt\/venta-corporativa\/\" \/>\n<meta property=\"og:site_name\" content=\"PrimeClass\" \/>\n<meta property=\"article:modified_time\" content=\"2025-02-04T19:32:55+00:00\" \/>\n<meta name=\"twitter:card\" content=\"summary_large_image\" \/>\n<meta name=\"twitter:label1\" content=\"Est. tempo de leitura\" \/>\n\t<meta name=\"twitter:data1\" content=\"2 minutos\" \/>\n<script type=\"application\/ld+json\" class=\"yoast-schema-graph\">{\"@context\":\"https:\/\/schema.org\",\"@graph\":[{\"@type\":\"WebPage\",\"@id\":\"https:\/\/primeclass.cl\/venta-corporativa\/\",\"url\":\"https:\/\/primeclass.cl\/venta-corporativa\/\",\"name\":\"Venta Corporativa - PrimeClass\",\"isPartOf\":{\"@id\":\"https:\/\/primeclass.cl\/#website\"},\"datePublished\":\"2025-02-04T13:22:10+00:00\",\"dateModified\":\"2025-02-04T19:32:55+00:00\",\"description\":\"Ofrecemos a empresas y agencias de viaje nuestros Salones VIP, Meet and Greet y publicidad exclusiva en el Aeropuerto Arturo Merino Ben\u00edtez.\",\"breadcrumb\":{\"@id\":\"https:\/\/primeclass.cl\/venta-corporativa\/#breadcrumb\"},\"inLanguage\":\"pt-BR\",\"potentialAction\":[{\"@type\":\"ReadAction\",\"target\":[\"https:\/\/primeclass.cl\/venta-corporativa\/\"]}]},{\"@type\":\"BreadcrumbList\",\"@id\":\"https:\/\/primeclass.cl\/venta-corporativa\/#breadcrumb\",\"itemListElement\":[{\"@type\":\"ListItem\",\"position\":1,\"name\":\"Portada\",\"item\":\"https:\/\/primeclass.cl\/\"},{\"@type\":\"ListItem\",\"position\":2,\"name\":\"Venta Corporativa\"}]},{\"@type\":\"WebSite\",\"@id\":\"https:\/\/primeclass.cl\/#website\",\"url\":\"https:\/\/primeclass.cl\/\",\"name\":\"Prime Class Salones Vip\",\"description\":\"Salones Vip Aeropuerto SCL\",\"publisher\":{\"@id\":\"https:\/\/primeclass.cl\/#organization\"},\"potentialAction\":[{\"@type\":\"SearchAction\",\"target\":{\"@type\":\"EntryPoint\",\"urlTemplate\":\"https:\/\/primeclass.cl\/?s={search_term_string}\"},\"query-input\":{\"@type\":\"PropertyValueSpecification\",\"valueRequired\":true,\"valueName\":\"search_term_string\"}}],\"inLanguage\":\"pt-BR\"},{\"@type\":\"Organization\",\"@id\":\"https:\/\/primeclass.cl\/#organization\",\"name\":\"PrimeClass Pac\u00edfico\",\"url\":\"https:\/\/primeclass.cl\/\",\"logo\":{\"@type\":\"ImageObject\",\"inLanguage\":\"pt-BR\",\"@id\":\"https:\/\/primeclass.cl\/#\/schema\/logo\/image\/\",\"url\":\"https:\/\/primeclass.cl\/wp-content\/uploads\/2024\/10\/Logo-sin-fondo.png\",\"contentUrl\":\"https:\/\/primeclass.cl\/wp-content\/uploads\/2024\/10\/Logo-sin-fondo.png\",\"width\":832,\"height\":832,\"caption\":\"PrimeClass Pac\u00edfico\"},\"image\":{\"@id\":\"https:\/\/primeclass.cl\/#\/schema\/logo\/image\/\"},\"sameAs\":[\"https:\/\/www.linkedin.com\/company\/primeclass-pacifico\",\"https:\/\/www.instagram.com\/primeclasspacifico\/\"]}]}<\/script>\n<!-- \/ Yoast SEO plugin. -->","yoast_head_json":{"title":"Venta Corporativa - PrimeClass","description":"Ofrecemos a empresas y agencias de viaje nuestros Salones VIP, Meet and Greet y publicidad exclusiva en el Aeropuerto Arturo Merino Ben\u00edtez.","robots":{"index":"index","follow":"follow","max-snippet":"max-snippet:-1","max-image-preview":"max-image-preview:large","max-video-preview":"max-video-preview:-1"},"canonical":"https:\/\/primeclass.cl\/pt\/venta-corporativa\/","og_locale":"pt_BR","og_type":"article","og_title":"Venta Corporativa - PrimeClass","og_description":"Ofrecemos a empresas y agencias de viaje nuestros Salones VIP, Meet and Greet y publicidad exclusiva en el Aeropuerto Arturo Merino Ben\u00edtez.","og_url":"https:\/\/primeclass.cl\/pt\/venta-corporativa\/","og_site_name":"PrimeClass","article_modified_time":"2025-02-04T19:32:55+00:00","twitter_card":"summary_large_image","twitter_misc":{"Est. tempo de leitura":"2 minutos"},"schema":{"@context":"https:\/\/schema.org","@graph":[{"@type":"WebPage","@id":"https:\/\/primeclass.cl\/venta-corporativa\/","url":"https:\/\/primeclass.cl\/venta-corporativa\/","name":"Venta Corporativa - PrimeClass","isPartOf":{"@id":"https:\/\/primeclass.cl\/#website"},"datePublished":"2025-02-04T13:22:10+00:00","dateModified":"2025-02-04T19:32:55+00:00","description":"Ofrecemos a empresas y agencias de viaje nuestros Salones VIP, Meet and Greet y publicidad exclusiva en el Aeropuerto Arturo Merino Ben\u00edtez.","breadcrumb":{"@id":"https:\/\/primeclass.cl\/venta-corporativa\/#breadcrumb"},"inLanguage":"pt-BR","potentialAction":[{"@type":"ReadAction","target":["https:\/\/primeclass.cl\/venta-corporativa\/"]}]},{"@type":"BreadcrumbList","@id":"https:\/\/primeclass.cl\/venta-corporativa\/#breadcrumb","itemListElement":[{"@type":"ListItem","position":1,"name":"Portada","item":"https:\/\/primeclass.cl\/"},{"@type":"ListItem","position":2,"name":"Venta Corporativa"}]},{"@type":"WebSite","@id":"https:\/\/primeclass.cl\/#website","url":"https:\/\/primeclass.cl\/","name":"Prime Class Salones Vip","description":"Salones Vip Aeropuerto SCL","publisher":{"@id":"https:\/\/primeclass.cl\/#organization"},"potentialAction":[{"@type":"SearchAction","target":{"@type":"EntryPoint","urlTemplate":"https:\/\/primeclass.cl\/?s={search_term_string}"},"query-input":{"@type":"PropertyValueSpecification","valueRequired":true,"valueName":"search_term_string"}}],"inLanguage":"pt-BR"},{"@type":"Organization","@id":"https:\/\/primeclass.cl\/#organization","name":"PrimeClass Pac\u00edfico","url":"https:\/\/primeclass.cl\/","logo":{"@type":"ImageObject","inLanguage":"pt-BR","@id":"https:\/\/primeclass.cl\/#\/schema\/logo\/image\/","url":"https:\/\/primeclass.cl\/wp-content\/uploads\/2024\/10\/Logo-sin-fondo.png","contentUrl":"https:\/\/primeclass.cl\/wp-content\/uploads\/2024\/10\/Logo-sin-fondo.png","width":832,"height":832,"caption":"PrimeClass Pac\u00edfico"},"image":{"@id":"https:\/\/primeclass.cl\/#\/schema\/logo\/image\/"},"sameAs":["https:\/\/www.linkedin.com\/company\/primeclass-pacifico","https:\/\/www.instagram.com\/primeclasspacifico\/"]}]}},"_links":{"self":[{"href":"https:\/\/primeclass.cl\/pt\/wp-json\/wp\/v2\/pages\/5563","targetHints":{"allow":["GET"]}}],"collection":[{"href":"https:\/\/primeclass.cl\/pt\/wp-json\/wp\/v2\/pages"}],"about":[{"href":"https:\/\/primeclass.cl\/pt\/wp-json\/wp\/v2\/types\/page"}],"author":[{"embeddable":true,"href":"https:\/\/primeclass.cl\/pt\/wp-json\/wp\/v2\/users\/13"}],"replies":[{"embeddable":true,"href":"https:\/\/primeclass.cl\/pt\/wp-json\/wp\/v2\/comments?post=5563"}],"version-history":[{"count":10,"href":"https:\/\/primeclass.cl\/pt\/wp-json\/wp\/v2\/pages\/5563\/revisions"}],"predecessor-version":[{"id":5582,"href":"https:\/\/primeclass.cl\/pt\/wp-json\/wp\/v2\/pages\/5563\/revisions\/5582"}],"wp:attachment":[{"href":"https:\/\/primeclass.cl\/pt\/wp-json\/wp\/v2\/media?parent=5563"}],"curies":[{"name":"wp","href":"https:\/\/api.w.org\/{rel}","templated":true}]}}