{"id":1648,"date":"2018-04-21T16:49:46","date_gmt":"2018-04-21T16:49:46","guid":{"rendered":"https:\/\/primeclass.cl\/nacional\/?page_id=1648"},"modified":"2019-01-31T11:04:51","modified_gmt":"2019-01-31T11:04:51","slug":"meet-assist","status":"publish","type":"page","link":"https:\/\/primeclass.cl\/nacional\/meet-assist\/","title":{"rendered":"Meet &#038; ASSIST"},"content":{"rendered":"<p>[vc_row full_width=&#8221;stretch_row&#8221;][vc_column]<section class=\"cover fullscreen image-slider slider-all-controls controls-inside parallax-off\" ><ul class=\"slides\"><li class=\"overlay image-bg\" ><div class=\"background-image-holder\"><img loading=\"lazy\" decoding=\"async\" width=\"1200\" height=\"767\" src=\"https:\/\/primeclass.cl\/nacional\/wp-content\/uploads\/2018\/04\/image_background.jpg\" class=\"background-image\" alt=\"\" srcset=\"https:\/\/primeclass.cl\/nacional\/wp-content\/uploads\/2018\/04\/image_background.jpg 1200w, https:\/\/primeclass.cl\/nacional\/wp-content\/uploads\/2018\/04\/image_background-300x192.jpg 300w, https:\/\/primeclass.cl\/nacional\/wp-content\/uploads\/2018\/04\/image_background-768x491.jpg 768w, https:\/\/primeclass.cl\/nacional\/wp-content\/uploads\/2018\/04\/image_background-1024x655.jpg 1024w, https:\/\/primeclass.cl\/nacional\/wp-content\/uploads\/2018\/04\/image_background-600x384.jpg 600w\" sizes=\"auto, (max-width: 1200px) 100vw, 1200px\" \/><\/div>\t\n\t\t    <div class=\"container v-align-transform\">\n\t\t        <div class=\"row\">\n\t\t            <div class=\"col-md-12 col-sm-12\">\n\t\t                <\/p>\n<h1 class=\"uppercase large mb8\" style=\"text-align: center;\"><strong>Meet & Assist<\/strong><br \/>\nUn nivel de servicio sin\u00a0igual<\/h1>\n<p>\n\n\t\t            <\/div>\n\t\t        <\/div>\n\t\t    <\/div>\n\t\t<\/li><\/ul><\/section>[\/vc_column][\/vc_row][vc_row full_width=&#8221;stretch_row&#8221;][vc_column]\n\t\t\t<section class=\"cover fullscreen image-slider slider-all-controls controls-inside parallax-off hero-header\">\n\t\t\t    <ul class=\"slides\">\n\t\t\t        <li class=\"overlay image-bg\">\n\t\t\t            <div class=\"background-image-holder\">\n\t\t\t                <img loading=\"lazy\" decoding=\"async\" width=\"2000\" height=\"1500\" src=\"https:\/\/primeclass.cl\/nacional\/wp-content\/uploads\/2018\/06\/Arrivals_Meet_Assist2-nobug.jpg\" class=\"background-image\" alt=\"\" srcset=\"https:\/\/primeclass.cl\/nacional\/wp-content\/uploads\/2018\/06\/Arrivals_Meet_Assist2-nobug.jpg 2000w, https:\/\/primeclass.cl\/nacional\/wp-content\/uploads\/2018\/06\/Arrivals_Meet_Assist2-nobug-300x225.jpg 300w, https:\/\/primeclass.cl\/nacional\/wp-content\/uploads\/2018\/06\/Arrivals_Meet_Assist2-nobug-768x576.jpg 768w, https:\/\/primeclass.cl\/nacional\/wp-content\/uploads\/2018\/06\/Arrivals_Meet_Assist2-nobug-1024x768.jpg 1024w, https:\/\/primeclass.cl\/nacional\/wp-content\/uploads\/2018\/06\/Arrivals_Meet_Assist2-nobug-600x450.jpg 600w\" sizes=\"auto, (max-width: 2000px) 100vw, 2000px\" \/>\n\t\t\t            <\/div>\n\t\t\t            <div class=\"container v-align-transform\">\n\t\t\t                <div class=\"row\">\n\t\t\t                    <div class=\"col-md-6 col-sm-8\">\n\t\t\t                       <\/p>\n<h1 class=\"mb40 mb-xs-16 large\">SERVICO\u00a0LLEGADAS<\/h1>\n<h6 class=\"uppercase mb16\">Nuestra meta es hacer su proximo viaje inolvidable<\/h6>\n<p class=\"lead mb40\">A su llegada los privilegios de Primeclass comienzan con un saludo personal de nuestra anfitriona y maletero en la puerta de vuelo. Los hue\u0301spedes son recibidos y acompan\u0303ados en todo momento por nuestra anfitriona.<\/p>\n<ul class=\"lead\" data-bullet=\"ti-star\">\n<li>Bienvenida en la puerta del avion<\/li>\n<li>Asistencia en control de Pasaporte<\/li>\n<li>Asistencia en Compras<\/li>\n<li>Asistencia con Equipaje<\/li>\n<li>Despedida de Calidad<\/li>\n<\/ul>\n<p><a class=\"btn\" href=\"https:\/\/primeclass.cl\/nacional\/meet-assist\/reservacion\/\">RESERVE SU SERVICIO<\/a><\/p>\n\n\t\t\t                    <\/div>\n\t\t\t                <\/div>\n\t\t\t            <\/div>\n\t\t\t        <\/li>\n\t\t\t    <\/ul>\n\t\t\t<\/section>\n\t\t\n\t\t\t<section class=\"cover fullscreen image-slider slider-all-controls controls-inside parallax-off hero-header\">\n\t\t\t    <ul class=\"slides\">\n\t\t\t        <li class=\"overlay image-bg\">\n\t\t\t            <div class=\"background-image-holder\">\n\t\t\t                <img loading=\"lazy\" decoding=\"async\" width=\"2000\" height=\"1500\" src=\"https:\/\/primeclass.cl\/nacional\/wp-content\/uploads\/2019\/01\/meet_assist_salida.jpg\" class=\"background-image\" alt=\"\" srcset=\"https:\/\/primeclass.cl\/nacional\/wp-content\/uploads\/2019\/01\/meet_assist_salida.jpg 2000w, https:\/\/primeclass.cl\/nacional\/wp-content\/uploads\/2019\/01\/meet_assist_salida-300x225.jpg 300w, https:\/\/primeclass.cl\/nacional\/wp-content\/uploads\/2019\/01\/meet_assist_salida-768x576.jpg 768w, https:\/\/primeclass.cl\/nacional\/wp-content\/uploads\/2019\/01\/meet_assist_salida-1024x768.jpg 1024w, https:\/\/primeclass.cl\/nacional\/wp-content\/uploads\/2019\/01\/meet_assist_salida-600x450.jpg 600w\" sizes=\"auto, (max-width: 2000px) 100vw, 2000px\" \/>\n\t\t\t            <\/div>\n\t\t\t            <div class=\"container v-align-transform\">\n\t\t\t                <div class=\"row\">\n\t\t\t                    <div class=\"col-md-6 col-sm-8\">\n\t\t\t                       <\/p>\n<h1 class=\"mb40 mb-xs-16 large\">Servicio Salida<\/h1>\n<h6 class=\"uppercase mb16\">Creado para eliminar el stress de viajar hoy.<\/h6>\n<p class=\"lead mb40\">Los hue\u0301spedes que salen desde el aeropuerto llegan a nuestro punto de encuentro predefinido donde se contactan con nuestra anfitriona y maletero.<br \/>\nEl equipaje es llevado por el maletero al counter de check in, mientras nuestra anfitriona recibe y revisa la documentacio\u0301n. El check in se realiza a trave\u0301s del counter preferencial de las li\u0301neas ae\u0301reas contratadas para garantizar un registro ma\u0301s ra\u0301pido y ma\u0301s co\u0301modo.<\/p>\n<p class=\"lead mb40\">Con nuestra anfitriona, los hue\u0301spedes son guiados a los controles de pasaportes y de seguridad entregando una experiencia ma\u0301s fa\u0301cil, ra\u0301pida y sin problemas.<\/p>\n<ul class=\"lead\" data-bullet=\"ti-star\">\n<li>Asistencia en Check In<\/li>\n<li>Asistencia de Pasaporte<\/li>\n<li>Asistencia en Duty Free<\/li>\n<li>Acceso Directo al Sal\u00f3n<\/li>\n<li>Despedida Especial en la puerta<\/li>\n<\/ul>\n<p><a class=\"btn\" href=\"https:\/\/primeclass.cl\/nacional\/meet-assist\/reservacion\/\">RESERVE SU SERVICIO<\/a><\/p>\n\n\t\t\t                    <\/div>\n\t\t\t                <\/div>\n\t\t\t            <\/div>\n\t\t\t        <\/li>\n\t\t\t    <\/ul>\n\t\t\t<\/section>\n\t\t\n\t\t\t<section class=\"cover fullscreen image-slider slider-arrow-controls controls-inside parallax-off hero-header\">\n\t\t\t    <ul class=\"slides\">\n\t\t\t        <li class=\"overlay image-bg\">\n\t\t\t            <div class=\"background-image-holder\">\n\t\t\t                <img loading=\"lazy\" decoding=\"async\" width=\"1200\" height=\"900\" src=\"https:\/\/primeclass.cl\/nacional\/wp-content\/uploads\/2018\/04\/meet_assist_buggy.jpg\" class=\"background-image\" alt=\"\" srcset=\"https:\/\/primeclass.cl\/nacional\/wp-content\/uploads\/2018\/04\/meet_assist_buggy.jpg 1200w, https:\/\/primeclass.cl\/nacional\/wp-content\/uploads\/2018\/04\/meet_assist_buggy-300x225.jpg 300w, https:\/\/primeclass.cl\/nacional\/wp-content\/uploads\/2018\/04\/meet_assist_buggy-768x576.jpg 768w, https:\/\/primeclass.cl\/nacional\/wp-content\/uploads\/2018\/04\/meet_assist_buggy-1024x768.jpg 1024w, https:\/\/primeclass.cl\/nacional\/wp-content\/uploads\/2018\/04\/meet_assist_buggy-600x450.jpg 600w\" sizes=\"auto, (max-width: 1200px) 100vw, 1200px\" \/>\n\t\t\t            <\/div>\n\t\t\t            <div class=\"container v-align-transform\">\n\t\t\t                <div class=\"row\">\n\t\t\t                    <div class=\"col-md-6 col-md-offset-3 col-sm-8 col-sm-offset-2 text-center\">\n\t\t\t                        <\/p>\n<h2 style=\"text-align: center;\">Capacitados para atender a pasajeros con movilidad reducida<\/h2>\n<p class=\"lead\" style=\"text-align: center;\">Nuestro equipo est\u00e1 entrenado para asistir cualquier requerimiento especial para personas con movilidad reducida.<br \/>\nExisten sillas de rueda disponibles en el terminal para apoyar los traslados de ser requeridas, Por favor inf\u00f3rmenos con anticipaci\u00f3n si requiere asistencia especial, nosotros nos encargaremos de coordinar lo necesario para asegurar un traslado c\u00f3modo y f\u00e1cil hasta su vuelo.<\/p>\n<p><a class=\"btn\" href=\"https:\/\/primeclass.cl\/nacional\/meet-assist\/reservacion\/\">M\u00c1S INFO<\/a><\/p>\n\n\t\t\t                    <\/div>\n\t\t\t                <\/div>\n\t\t\t            <\/div>\n\t\t\t        <\/li>\n\t\t\t    <\/ul>\n\t\t\t<\/section>\n\t\t\n\t\t\t<section class=\"cover fullscreen image-slider slider-arrow-controls controls-inside parallax hero-header\">\n\t\t\t    <ul class=\"slides\">\n\t\t\t        <li class=\"overlay image-bg\">\n\t\t\t            <div class=\"background-image-holder\">\n\t\t\t                <img loading=\"lazy\" decoding=\"async\" width=\"3888\" height=\"2592\" src=\"https:\/\/primeclass.cl\/nacional\/wp-content\/uploads\/2018\/04\/meet_assist_preguntas.jpg\" class=\"background-image\" alt=\"\" srcset=\"https:\/\/primeclass.cl\/nacional\/wp-content\/uploads\/2018\/04\/meet_assist_preguntas.jpg 3888w, https:\/\/primeclass.cl\/nacional\/wp-content\/uploads\/2018\/04\/meet_assist_preguntas-300x200.jpg 300w, https:\/\/primeclass.cl\/nacional\/wp-content\/uploads\/2018\/04\/meet_assist_preguntas-768x512.jpg 768w, https:\/\/primeclass.cl\/nacional\/wp-content\/uploads\/2018\/04\/meet_assist_preguntas-1024x683.jpg 1024w, https:\/\/primeclass.cl\/nacional\/wp-content\/uploads\/2018\/04\/meet_assist_preguntas-600x400.jpg 600w\" sizes=\"auto, (max-width: 3888px) 100vw, 3888px\" \/>\n\t\t\t            <\/div>\n\t\t\t            <div class=\"container v-align-transform\">\n\t\t\t                <div class=\"row\">\n\t\t\t                    <div class=\"col-md-6 col-md-offset-3 col-sm-8 col-sm-offset-2 text-center\">\n\t\t\t                        <\/p>\n<h2 style=\"text-align: center;\">\u00bfPREGUNTAS?<\/h2>\n<p class=\"lead\" style=\"text-align: center;\">Nuestro equipo est\u00e1 aqu\u00ed para contestar cualquier pregunta.<\/p>\n<p style=\"text-align: center;\"><a class=\"btn\" href=\"mailto:sales@primeclass.cl?subject=Contacto desde Sitio Web\">M\u00c1S INFO<\/a><\/p>\n<p>\n\n\t\t\t                    <\/div>\n\t\t\t                <\/div>\n\t\t\t            <\/div>\n\t\t\t        <\/li>\n\t\t\t    <\/ul>\n\t\t\t<\/section>\n\t\t[\/vc_column][\/vc_row]<\/p>\n","protected":false},"excerpt":{"rendered":"<p>[vc_row full_width=&#8221;stretch_row&#8221;][vc_column][\/vc_column][\/vc_row][vc_row full_width=&#8221;stretch_row&#8221;][vc_column][\/vc_column][\/vc_row]<\/p>\n","protected":false},"author":6,"featured_media":0,"parent":0,"menu_order":0,"comment_status":"closed","ping_status":"closed","template":"","meta":{"footnotes":""},"class_list":["post-1648","page","type-page","status-publish","hentry"],"_links":{"self":[{"href":"https:\/\/primeclass.cl\/nacional\/wp-json\/wp\/v2\/pages\/1648","targetHints":{"allow":["GET"]}}],"collection":[{"href":"https:\/\/primeclass.cl\/nacional\/wp-json\/wp\/v2\/pages"}],"about":[{"href":"https:\/\/primeclass.cl\/nacional\/wp-json\/wp\/v2\/types\/page"}],"author":[{"embeddable":true,"href":"https:\/\/primeclass.cl\/nacional\/wp-json\/wp\/v2\/users\/6"}],"replies":[{"embeddable":true,"href":"https:\/\/primeclass.cl\/nacional\/wp-json\/wp\/v2\/comments?post=1648"}],"version-history":[{"count":18,"href":"https:\/\/primeclass.cl\/nacional\/wp-json\/wp\/v2\/pages\/1648\/revisions"}],"predecessor-version":[{"id":1973,"href":"https:\/\/primeclass.cl\/nacional\/wp-json\/wp\/v2\/pages\/1648\/revisions\/1973"}],"wp:attachment":[{"href":"https:\/\/primeclass.cl\/nacional\/wp-json\/wp\/v2\/media?parent=1648"}],"curies":[{"name":"wp","href":"https:\/\/api.w.org\/{rel}","templated":true}]}}