{"id":1637,"date":"2018-04-21T16:34:34","date_gmt":"2018-04-21T16:34:34","guid":{"rendered":"https:\/\/primeclass.cl\/nacional\/?page_id=1637"},"modified":"2025-09-02T14:06:23","modified_gmt":"2025-09-02T14:06:23","slug":"santiago-domestic-andes-lounge","status":"publish","type":"page","link":"https:\/\/primeclass.cl\/nacional\/santiago-domestic-andes-lounge\/","title":{"rendered":"Andes Es"},"content":{"rendered":"<p>[vc_row][vc_column][vc_column_text]<\/p>\n<h1 style=\"text-align: center;\">SAL\u00d3N ANDES<\/h1>\n<p>[\/vc_column_text][\/vc_column][\/vc_row][vc_row full_width=&#8221;stretch_row&#8221; css=&#8221;.vc_custom_1689957141064{margin-top: 0px !important;margin-bottom: 0px !important;}&#8221;][vc_column css=&#8221;.vc_custom_1689957123616{margin-bottom: 0px !important;}&#8221;]<section class=\"cover  image-slider slider-all-controls controls-inside parallax-off\" style=\"height: 500px;\"><ul class=\"slides\"><li class=\"overlay image-bg\" style=\"height: 500px;\"><div class=\"background-image-holder\"><img loading=\"lazy\" decoding=\"async\" width=\"1920\" height=\"1080\" src=\"https:\/\/primeclass.cl\/nacional\/wp-content\/uploads\/2020\/01\/andes-slider1.jpg\" class=\"background-image\" alt=\"\" srcset=\"https:\/\/primeclass.cl\/nacional\/wp-content\/uploads\/2020\/01\/andes-slider1.jpg 1920w, https:\/\/primeclass.cl\/nacional\/wp-content\/uploads\/2020\/01\/andes-slider1-300x169.jpg 300w, https:\/\/primeclass.cl\/nacional\/wp-content\/uploads\/2020\/01\/andes-slider1-1024x576.jpg 1024w, https:\/\/primeclass.cl\/nacional\/wp-content\/uploads\/2020\/01\/andes-slider1-768x432.jpg 768w, https:\/\/primeclass.cl\/nacional\/wp-content\/uploads\/2020\/01\/andes-slider1-1536x864.jpg 1536w\" sizes=\"auto, (max-width: 1920px) 100vw, 1920px\" \/><\/div>\t\n\t\t    <div class=\"container v-align-transform\">\n\t\t        <div class=\"row\">\n\t\t            <div class=\"col-md-12 col-sm-12\">\n\t\t                \n\t\t            <\/div>\n\t\t        <\/div>\n\t\t    <\/div>\n\t\t<\/li><li class=\"overlay image-bg\" style=\"height: 500px;\"><div class=\"background-image-holder\"><img loading=\"lazy\" decoding=\"async\" width=\"1920\" height=\"1080\" src=\"https:\/\/primeclass.cl\/nacional\/wp-content\/uploads\/2020\/01\/andes-slider2.jpg\" class=\"background-image\" alt=\"\" srcset=\"https:\/\/primeclass.cl\/nacional\/wp-content\/uploads\/2020\/01\/andes-slider2.jpg 1920w, https:\/\/primeclass.cl\/nacional\/wp-content\/uploads\/2020\/01\/andes-slider2-300x169.jpg 300w, https:\/\/primeclass.cl\/nacional\/wp-content\/uploads\/2020\/01\/andes-slider2-1024x576.jpg 1024w, https:\/\/primeclass.cl\/nacional\/wp-content\/uploads\/2020\/01\/andes-slider2-768x432.jpg 768w, https:\/\/primeclass.cl\/nacional\/wp-content\/uploads\/2020\/01\/andes-slider2-1536x864.jpg 1536w\" sizes=\"auto, (max-width: 1920px) 100vw, 1920px\" \/><\/div>\t\n\t\t    <div class=\"container v-align-transform\">\n\t\t        <div class=\"row\">\n\t\t            <div class=\"col-md-12 col-sm-12\">\n\t\t                \n\t\t            <\/div>\n\t\t        <\/div>\n\t\t    <\/div>\n\t\t<\/li><li class=\"overlay image-bg\" style=\"height: 500px;\"><div class=\"background-image-holder\"><img loading=\"lazy\" decoding=\"async\" width=\"6240\" height=\"4160\" src=\"https:\/\/primeclass.cl\/nacional\/wp-content\/uploads\/2018\/06\/IMG_8932.jpg\" class=\"background-image\" alt=\"\" srcset=\"https:\/\/primeclass.cl\/nacional\/wp-content\/uploads\/2018\/06\/IMG_8932.jpg 6240w, https:\/\/primeclass.cl\/nacional\/wp-content\/uploads\/2018\/06\/IMG_8932-300x200.jpg 300w, https:\/\/primeclass.cl\/nacional\/wp-content\/uploads\/2018\/06\/IMG_8932-768x512.jpg 768w, https:\/\/primeclass.cl\/nacional\/wp-content\/uploads\/2018\/06\/IMG_8932-1024x683.jpg 1024w, https:\/\/primeclass.cl\/nacional\/wp-content\/uploads\/2018\/06\/IMG_8932-600x400.jpg 600w\" sizes=\"auto, (max-width: 6240px) 100vw, 6240px\" \/><\/div>\t\n\t\t    <div class=\"container v-align-transform\">\n\t\t        <div class=\"row\">\n\t\t            <div class=\"col-md-12 col-sm-12\">\n\t\t                \n\t\t            <\/div>\n\t\t        <\/div>\n\t\t    <\/div>\n\t\t<\/li><\/ul><\/section>[\/vc_column][\/vc_row][vc_row full_width=&#8221;stretch_row&#8221; foundry_padding=&#8221;pt0 pb0&#8243; css=&#8221;.vc_custom_1689956123491{margin-top: 0px !important;}&#8221;][vc_column offset=&#8221;vc_hidden-sm vc_hidden-xs&#8221; css=&#8221;.vc_custom_1689957158986{margin-top: 0px !important;margin-bottom: 0px !important;}&#8221;][\/vc_column][\/vc_row][vc_row full_width=&#8221;stretch_row&#8221;][vc_column offset=&#8221;vc_hidden-lg vc_hidden-md&#8221;][\/vc_column][\/vc_row][vc_row][vc_column width=&#8221;1\/12&#8243;][\/vc_column][vc_column width=&#8221;10\/12&#8243;][vc_column_text]<\/p>\n<h3 style=\"text-align: center;\">Tarifa $42.000<\/h3>\n<h3 style=\"text-align: center;\">Ubicado entre puerta A05 y A06 de embarque Nacional<\/h3>\n<h3 style=\"text-align: center;\">Abierto 24\/7<\/h3>\n<h3 style=\"text-align: center;\">( nivel 2) a solo pasos de dutyfree<\/h3>\n<p class=\"lead mb64\" style=\"text-align: center;\">Agradable y moderno espacio de Interiorismo y Arquitectura, dise\u00f1ado por Enrique Concha &amp; Co. + Grupo Arquitectos. Nuestra sala VIP en embarque internacional cuenta con 413 m2 .<br \/>\nPor cada ingreso, te permitir\u00e1 disfrutar de la permanencia m\u00e1xima de 2 horas<\/p>\n<p class=\"lead mb64\" style=\"text-align: center;\">Dentro de nuestros servicios e infraestructura, te permitir\u00e1 realizar reuniones privadas en un espacio reservado en sala de reuni\u00f3n o multimedia, incluye proyector junto a business center con servicio de impresi\u00f3n. Adem\u00e1s de \u00e1reas de descanso, \u00e1reas equipadas para trabajar, zona de ni\u00f1os especial, ba\u00f1os equipados con secador para cabello y mudador, duchas (hombres y mujeres) servicio incluye amenities (shampoo, jab\u00f3n y toalla personal).<\/p>\n<p>[\/vc_column_text][\/vc_column][vc_column width=&#8221;1\/12&#8243;][\/vc_column][\/vc_row][vc_row foundry_padding=&#8221;pt0 pb0&#8243;][vc_column width=&#8221;1\/3&#8243;][vc_column_text]<\/p>\n<h3 class=\"uppercase mb40 mb-xs-24\" style=\"text-align: left;\">Servicios de Buffet<\/h3>\n<p class=\"lead mb64\" style=\"text-align: left;\">Men\u00fa desarrollado y supervisado por Chef ejecutiva con minutas establecidas; Snacks, Desayuno, Almuerzo y Cena con alternativas de comidas fr\u00edas y calientes, junto a estaciones dulces y saladas ( Sushi, tablas de embutidos, tapas, frutos secos, consom\u00e9, postres, pasteler\u00eda, variedad de ensaladas y mucho mas).<\/p>\n<p>[\/vc_column_text][\/vc_column][vc_column width=&#8221;1\/3&#8243;][vc_column_text]<\/p>\n<h3 class=\"uppercase mb40 mb-xs-24\" style=\"text-align: left;\">Servicios de Bar<\/h3>\n<p class=\"lead mb64\" style=\"text-align: left;\">Bar y servicio de barman, incluye bebidas alcoh\u00f3licas ( Ley de alcoholes vigente en Chile restringe su disposici\u00f3n entre las 03am y 10am).<\/p>\n<p class=\"lead mb64\" style=\"text-align: left;\">Estaci\u00f3n de autoservicio con refrescos, t\u00e9 y Caf\u00e9 disponible las 24 hrs.<\/p>\n<p>[\/vc_column_text][\/vc_column][vc_column width=&#8221;1\/3&#8243;][vc_column_text]<\/p>\n<h3 class=\"uppercase mb40 mb-xs-24\" style=\"text-align: left;\">Servicio de Entretenimiento<\/h3>\n<p class=\"lead mb64\" style=\"text-align: left;\">Televisi\u00f3n, Diarios, Revistas, Conexi\u00f3n Wifi, Estaciones de carga para celulares, Laptops y Aud\u00edfonos<\/p>\n<p>[\/vc_column_text][\/vc_column][\/vc_row][vc_row][vc_column width=&#8221;1\/4&#8243;][\/vc_column][vc_column width=&#8221;1\/2&#8243;][vc_single_image image=&#8221;2227&#8243; img_size=&#8221;large&#8221; alignment=&#8221;center&#8221;][\/vc_column][vc_column width=&#8221;1\/4&#8243;][\/vc_column][\/vc_row]<\/p>\n","protected":false},"excerpt":{"rendered":"<p>[vc_row][vc_column][vc_column_text] SAL\u00d3N ANDES [\/vc_column_text][\/vc_column][\/vc_row][vc_row full_width=&#8221;stretch_row&#8221; css=&#8221;.vc_custom_1689957141064{margin-top: 0px !important;margin-bottom: 0px !important;}&#8221;][vc_column css=&#8221;.vc_custom_1689957123616{margin-bottom: 0px !important;}&#8221;][\/vc_column][\/vc_row][vc_row full_width=&#8221;stretch_row&#8221; foundry_padding=&#8221;pt0 pb0&#8243; css=&#8221;.vc_custom_1689956123491{margin-top: 0px !important;}&#8221;][vc_column offset=&#8221;vc_hidden-sm vc_hidden-xs&#8221;&#8230;<\/p>\n","protected":false},"author":6,"featured_media":0,"parent":0,"menu_order":0,"comment_status":"closed","ping_status":"closed","template":"","meta":{"footnotes":""},"class_list":["post-1637","page","type-page","status-publish","hentry"],"_links":{"self":[{"href":"https:\/\/primeclass.cl\/nacional\/wp-json\/wp\/v2\/pages\/1637","targetHints":{"allow":["GET"]}}],"collection":[{"href":"https:\/\/primeclass.cl\/nacional\/wp-json\/wp\/v2\/pages"}],"about":[{"href":"https:\/\/primeclass.cl\/nacional\/wp-json\/wp\/v2\/types\/page"}],"author":[{"embeddable":true,"href":"https:\/\/primeclass.cl\/nacional\/wp-json\/wp\/v2\/users\/6"}],"replies":[{"embeddable":true,"href":"https:\/\/primeclass.cl\/nacional\/wp-json\/wp\/v2\/comments?post=1637"}],"version-history":[{"count":79,"href":"https:\/\/primeclass.cl\/nacional\/wp-json\/wp\/v2\/pages\/1637\/revisions"}],"predecessor-version":[{"id":2551,"href":"https:\/\/primeclass.cl\/nacional\/wp-json\/wp\/v2\/pages\/1637\/revisions\/2551"}],"wp:attachment":[{"href":"https:\/\/primeclass.cl\/nacional\/wp-json\/wp\/v2\/media?parent=1637"}],"curies":[{"name":"wp","href":"https:\/\/api.w.org\/{rel}","templated":true}]}}