{"id":1617,"date":"2018-04-21T16:26:58","date_gmt":"2018-04-21T16:26:58","guid":{"rendered":"https:\/\/primeclass.cl\/nacional\/?page_id=1617"},"modified":"2025-08-25T16:58:15","modified_gmt":"2025-08-25T16:58:15","slug":"convenios","status":"publish","type":"page","link":"https:\/\/primeclass.cl\/nacional\/convenios\/","title":{"rendered":"Convenios"},"content":{"rendered":"<p>[vc_row][vc_column][vc_column_text]<\/p>\n<h4 class=\"mb8\" style=\"text-align: center;\">Estamos felices de generar alianzas con grandes compa\u00f1\u00edas que nos permiten brindar atenci\u00f3n a sus clientes en nuestros salones de lujo Primeclass.<\/h4>\n<p>[\/vc_column_text][\/vc_column][\/vc_row][vc_row][vc_column width=&#8221;1\/3&#8243;]\n\t\t\t<div class=\"feature feature-1\">\n\t\t\t\t\n\t\t\t    <div class=\"text-center\">\n\t\t\t        <i class=\"none icon\"><\/i>\n\t\t\t        <h5 class=\"uppercase\"><\/h5>\n\t\t\t    <\/div>\n\t\t\t    <p><a href=\"https:\/\/www.bci.cl\/cib\/salones-primeclass\" target=\"_blank\" rel=\"noopener noreferrer\"><img loading=\"lazy\" decoding=\"async\" class=\"aligncenter size-medium wp-image-1893\" src=\"https:\/\/primeclass.cl\/nacional\/wp-content\/uploads\/2019\/01\/03-bci-visa-infinite-aadvantage-300x71.png\" alt=\"\" width=\"300\" height=\"71\" \/><\/a><\/p>\n\n\t\t\t    \n\t\t\t<\/div>\n\t\t[vc_empty_space height=&#8221;52px&#8221;]\n\t\t\t<div class=\"feature feature-1\">\n\t\t\t\t\n\t\t\t    <div class=\"text-center\">\n\t\t\t        <i class=\"none icon\"><\/i>\n\t\t\t        <h5 class=\"uppercase\"><\/h5>\n\t\t\t    <\/div>\n\t\t\t    <p><a href=\"https:\/\/www.bci.cl\/personas\/salon-vip-aeropuerto\" target=\"_blank\" rel=\"noopener noreferrer\"><img loading=\"lazy\" decoding=\"async\" class=\"aligncenter size-medium wp-image-1896\" src=\"https:\/\/primeclass.cl\/nacional\/wp-content\/uploads\/2019\/01\/06-bci-visa-siganture-opensky-300x71.png\" alt=\"\" width=\"300\" height=\"71\" \/><\/a><\/p>\n\n\t\t\t    \n\t\t\t<\/div>\n\t\t[vc_empty_space height=&#8221;52px&#8221;]\n\t\t\t<div class=\"feature feature-1\">\n\t\t\t\t\n\t\t\t    <div class=\"text-center\">\n\t\t\t        <i class=\"none icon\"><\/i>\n\t\t\t        <h5 class=\"uppercase\"><\/h5>\n\t\t\t    <\/div>\n\t\t\t    <p><a href=\"https:\/\/www.itaubeneficios.cl\/disfruta-tus-viajes-con-itau\/\" target=\"_blank\" rel=\"noopener noreferrer\"><img loading=\"lazy\" decoding=\"async\" class=\"aligncenter size-medium wp-image-1897\" src=\"https:\/\/primeclass.cl\/nacional\/wp-content\/uploads\/2019\/01\/07-itau-mc-black-300x71.png\" alt=\"\" width=\"300\" height=\"71\" \/><\/a><\/p>\n\n\t\t\t    \n\t\t\t<\/div>\n\t\t[vc_empty_space height=&#8221;52px&#8221;]\n\t\t\t<div class=\"feature feature-1\">\n\t\t\t\t\n\t\t\t    <div class=\"text-center\">\n\t\t\t        <i class=\"none icon\"><\/i>\n\t\t\t        <h5 class=\"uppercase\"><\/h5>\n\t\t\t    <\/div>\n\t\t\t    <p><a href=\"https:\/\/www.itaubeneficios.cl\/disfruta-tus-viajes-con-itau\/\" target=\"_blank\" rel=\"noopener noreferrer\"><img loading=\"lazy\" decoding=\"async\" class=\"alignnone size-full wp-image-2148 aligncenter\" src=\"https:\/\/primeclass.cl\/nacional\/wp-content\/uploads\/2019\/07\/31-ITAU-MC-PLATINUM.png\" alt=\"\" width=\"300\" height=\"71\" \/><\/a><\/p>\n\n\t\t\t    \n\t\t\t<\/div>\n\t\t[vc_empty_space height=&#8221;52px&#8221;]\n\t\t\t<div class=\"feature feature-1\">\n\t\t\t\t\n\t\t\t    <div class=\"text-center\">\n\t\t\t        <i class=\"none icon\"><\/i>\n\t\t\t        <h5 class=\"uppercase\"><\/h5>\n\t\t\t    <\/div>\n\t\t\t    <p><img loading=\"lazy\" decoding=\"async\" class=\"size-full wp-image-2410 aligncenter\" src=\"https:\/\/primeclass.cl\/nacional\/wp-content\/uploads\/2020\/12\/logo-american-airlines.jpg\" alt=\"\" width=\"300\" height=\"71\" \/><\/p>\n\n\t\t\t    \n\t\t\t<\/div>\n\t\t[vc_empty_space height=&#8221;52px&#8221;]\n\t\t\t<div class=\"feature feature-1\">\n\t\t\t\t\n\t\t\t    <div class=\"text-center\">\n\t\t\t        <i class=\"none icon\"><\/i>\n\t\t\t        <h5 class=\"uppercase\"><\/h5>\n\t\t\t    <\/div>\n\t\t\t    <p><img loading=\"lazy\" decoding=\"async\" class=\"alignnone size-full wp-image-2138 aligncenter\" src=\"https:\/\/primeclass.cl\/nacional\/wp-content\/uploads\/2019\/07\/air_canada.png\" alt=\"\" width=\"300\" height=\"71\" \/><\/p>\n\n\t\t\t    \n\t\t\t<\/div>\n\t\t[vc_empty_space height=&#8221;52px&#8221;]\n\t\t\t<div class=\"feature feature-1\">\n\t\t\t\t\n\t\t\t    <div class=\"text-center\">\n\t\t\t        <i class=\"none icon\"><\/i>\n\t\t\t        <h5 class=\"uppercase\"><\/h5>\n\t\t\t    <\/div>\n\t\t\t    <p><img loading=\"lazy\" decoding=\"async\" class=\"size-full wp-image-2544 aligncenter\" src=\"https:\/\/primeclass.cl\/nacional\/wp-content\/uploads\/2025\/08\/dragonpass_logo.png\" alt=\"\" width=\"300\" height=\"71\" \/><\/p>\n\n\t\t\t    \n\t\t\t<\/div>\n\t\t[vc_empty_space height=&#8221;52px&#8221;]\n\t\t\t<div class=\"feature feature-1\">\n\t\t\t\t\n\t\t\t    <div class=\"text-center\">\n\t\t\t        <i class=\"none icon\"><\/i>\n\t\t\t        <h5 class=\"uppercase\"><\/h5>\n\t\t\t    <\/div>\n\t\t\t    <p><img loading=\"lazy\" decoding=\"async\" class=\"aligncenter size-medium wp-image-1906\" src=\"https:\/\/primeclass.cl\/nacional\/wp-content\/uploads\/2019\/01\/16-enjoy-300x71.png\" alt=\"\" width=\"300\" height=\"71\" \/><\/p>\n\n\t\t\t    \n\t\t\t<\/div>\n\t\t[vc_empty_space height=&#8221;52px&#8221;]\n\t\t\t<div class=\"feature feature-1\">\n\t\t\t\t\n\t\t\t    <div class=\"text-center\">\n\t\t\t        <i class=\"none icon\"><\/i>\n\t\t\t        <h5 class=\"uppercase\"><\/h5>\n\t\t\t    <\/div>\n\t\t\t    <p><img loading=\"lazy\" decoding=\"async\" class=\"aligncenter size-medium wp-image-1908\" src=\"https:\/\/primeclass.cl\/nacional\/wp-content\/uploads\/2019\/01\/18-abercombie-and-kent-300x71.png\" alt=\"\" width=\"300\" height=\"71\" \/><\/p>\n\n\t\t\t    \n\t\t\t<\/div>\n\t\t[vc_empty_space height=&#8221;52px&#8221;]\n\t\t\t<div class=\"feature feature-1\">\n\t\t\t\t\n\t\t\t    <div class=\"text-center\">\n\t\t\t        <i class=\"none icon\"><\/i>\n\t\t\t        <h5 class=\"uppercase\"><\/h5>\n\t\t\t    <\/div>\n\t\t\t    <p><img loading=\"lazy\" decoding=\"async\" class=\"aligncenter size-medium wp-image-1911\" src=\"https:\/\/primeclass.cl\/nacional\/wp-content\/uploads\/2019\/01\/21-adsmundo-300x71.png\" alt=\"\" width=\"300\" height=\"71\" \/><\/p>\n\n\t\t\t    \n\t\t\t<\/div>\n\t\t[\/vc_column][vc_column width=&#8221;1\/3&#8243;]\n\t\t\t<div class=\"feature feature-1\">\n\t\t\t\t\n\t\t\t    <div class=\"text-center\">\n\t\t\t        <i class=\"none icon\"><\/i>\n\t\t\t        <h5 class=\"uppercase\"><\/h5>\n\t\t\t    <\/div>\n\t\t\t    <p><a href=\"https:\/\/www.bci.cl\/personas\/salon-vip-aeropuerto\" target=\"_blank\" rel=\"noopener noreferrer\"><img loading=\"lazy\" decoding=\"async\" class=\"aligncenter size-medium wp-image-1894\" src=\"https:\/\/primeclass.cl\/nacional\/wp-content\/uploads\/2019\/01\/04-bci-visa-infinite-opensky-300x71.png\" alt=\"\" width=\"300\" height=\"71\" \/><\/a><\/p>\n\n\t\t\t    \n\t\t\t<\/div>\n\t\t[vc_empty_space height=&#8221;52px&#8221;]\n\t\t\t<div class=\"feature feature-1\">\n\t\t\t\t\n\t\t\t    <div class=\"text-center\">\n\t\t\t        <i class=\"none icon\"><\/i>\n\t\t\t        <h5 class=\"uppercase\"><\/h5>\n\t\t\t    <\/div>\n\t\t\t    <p><a href=\"https:\/\/bice.cl\/ss\/Satellite?c=Page&cid=1399334032206&pagename=BICE%2FPage%2FArticulo%2FComparativoLayout\" target=\"_blank\" rel=\"noopener noreferrer\"><img loading=\"lazy\" decoding=\"async\" class=\"aligncenter size-medium wp-image-1891\" src=\"https:\/\/primeclass.cl\/nacional\/wp-content\/uploads\/2019\/01\/01-bice-visa-signature-300x71.png\" alt=\"\" width=\"300\" height=\"71\" \/><\/a><\/p>\n\n\t\t\t    \n\t\t\t<\/div>\n\t\t[vc_empty_space height=&#8221;52px&#8221;]\n\t\t\t<div class=\"feature feature-1\">\n\t\t\t\t\n\t\t\t    <div class=\"text-center\">\n\t\t\t        <i class=\"none icon\"><\/i>\n\t\t\t        <h5 class=\"uppercase\"><\/h5>\n\t\t\t    <\/div>\n\t\t\t    <p><a href=\"https:\/\/www.itaubeneficios.cl\/disfruta-tus-viajes-con-itau\/\" target=\"_blank\" rel=\"noopener noreferrer\"><img loading=\"lazy\" decoding=\"async\" class=\"aligncenter size-medium wp-image-1898\" src=\"https:\/\/primeclass.cl\/nacional\/wp-content\/uploads\/2019\/01\/08-itau-visa-signature-300x71.png\" alt=\"\" width=\"300\" height=\"71\" \/><\/a><\/p>\n\n\t\t\t    \n\t\t\t<\/div>\n\t\t[vc_empty_space height=&#8221;52px&#8221;]\n\t\t\t<div class=\"feature feature-1\">\n\t\t\t\t\n\t\t\t    <div class=\"text-center\">\n\t\t\t        <i class=\"none icon\"><\/i>\n\t\t\t        <h5 class=\"uppercase\"><\/h5>\n\t\t\t    <\/div>\n\t\t\t    <p><a href=\"https:\/\/www.santander.cl\/tarjetas\/nuestras-tarjetas\/pdf\/salones-vip.pdf\" target=\"_blank\" rel=\"noopener noreferrer\"><img loading=\"lazy\" decoding=\"async\" class=\"aligncenter size-medium wp-image-1899\" src=\"https:\/\/primeclass.cl\/nacional\/wp-content\/uploads\/2019\/01\/09-santander-worldmember-300x71.png\" alt=\"\" width=\"300\" height=\"71\" \/><\/a><\/p>\n\n\t\t\t    \n\t\t\t<\/div>\n\t\t[vc_empty_space height=&#8221;52px&#8221;]\n\t\t\t<div class=\"feature feature-1\">\n\t\t\t\t\n\t\t\t    <div class=\"text-center\">\n\t\t\t        <i class=\"none icon\"><\/i>\n\t\t\t        <h5 class=\"uppercase\"><\/h5>\n\t\t\t    <\/div>\n\t\t\t    <p><img loading=\"lazy\" decoding=\"async\" class=\"size-full wp-image-2409 aligncenter\" src=\"https:\/\/primeclass.cl\/nacional\/wp-content\/uploads\/2020\/12\/british-airways.jpg\" alt=\"\" width=\"300\" height=\"71\" \/><\/p>\n\n\t\t\t    \n\t\t\t<\/div>\n\t\t[vc_empty_space height=&#8221;52px&#8221;]\n\t\t\t<div class=\"feature feature-1\">\n\t\t\t\t\n\t\t\t    <div class=\"text-center\">\n\t\t\t        <i class=\"none icon\"><\/i>\n\t\t\t        <h5 class=\"uppercase\"><\/h5>\n\t\t\t    <\/div>\n\t\t\t    <p><img loading=\"lazy\" decoding=\"async\" class=\"alignnone size-full wp-image-2139 aligncenter\" src=\"https:\/\/primeclass.cl\/nacional\/wp-content\/uploads\/2019\/07\/copa-airlines.png\" alt=\"\" width=\"300\" height=\"71\" \/><\/p>\n\n\t\t\t    \n\t\t\t<\/div>\n\t\t[vc_empty_space height=&#8221;52px&#8221;]\n\t\t\t<div class=\"feature feature-1\">\n\t\t\t\t\n\t\t\t    <div class=\"text-center\">\n\t\t\t        <i class=\"none icon\"><\/i>\n\t\t\t        <h5 class=\"uppercase\"><\/h5>\n\t\t\t    <\/div>\n\t\t\t    <p><img loading=\"lazy\" decoding=\"async\" class=\"aligncenter size-medium wp-image-1890\" src=\"https:\/\/primeclass.cl\/nacional\/wp-content\/uploads\/2019\/01\/99-priority-pass-300x71.png\" alt=\"\" width=\"300\" height=\"71\" \/><\/p>\n\n\t\t\t    \n\t\t\t<\/div>\n\t\t[vc_empty_space height=&#8221;52px&#8221;]\n\t\t\t<div class=\"feature feature-1\">\n\t\t\t\t\n\t\t\t    <div class=\"text-center\">\n\t\t\t        <i class=\"none icon\"><\/i>\n\t\t\t        <h5 class=\"uppercase\"><\/h5>\n\t\t\t    <\/div>\n\t\t\t    <p><img loading=\"lazy\" decoding=\"async\" class=\"aligncenter size-medium wp-image-1907\" src=\"https:\/\/primeclass.cl\/nacional\/wp-content\/uploads\/2019\/01\/17-and-beyond-300x71.png\" alt=\"\" width=\"300\" height=\"71\" \/><\/p>\n\n\t\t\t    \n\t\t\t<\/div>\n\t\t[vc_empty_space height=&#8221;52px&#8221;]\n\t\t\t<div class=\"feature feature-1\">\n\t\t\t\t\n\t\t\t    <div class=\"text-center\">\n\t\t\t        <i class=\"none icon\"><\/i>\n\t\t\t        <h5 class=\"uppercase\"><\/h5>\n\t\t\t    <\/div>\n\t\t\t    <p><img loading=\"lazy\" decoding=\"async\" class=\"aligncenter size-medium wp-image-1910\" src=\"https:\/\/primeclass.cl\/nacional\/wp-content\/uploads\/2019\/01\/20-akorn-300x71.png\" alt=\"\" width=\"300\" height=\"71\" \/><\/p>\n\n\t\t\t    \n\t\t\t<\/div>\n\t\t[vc_empty_space height=&#8221;52px&#8221;]\n\t\t\t<div class=\"feature feature-1\">\n\t\t\t\t\n\t\t\t    <div class=\"text-center\">\n\t\t\t        <i class=\"none icon\"><\/i>\n\t\t\t        <h5 class=\"uppercase\"><\/h5>\n\t\t\t    <\/div>\n\t\t\t    <p><img loading=\"lazy\" decoding=\"async\" class=\"aligncenter size-medium wp-image-1889\" src=\"https:\/\/primeclass.cl\/nacional\/wp-content\/uploads\/2019\/01\/23-tav-passport-300x71.png\" alt=\"\" width=\"300\" height=\"71\" \/><\/p>\n\n\t\t\t    \n\t\t\t<\/div>\n\t\t[\/vc_column][vc_column width=&#8221;1\/3&#8243;]\n\t\t\t<div class=\"feature feature-1\">\n\t\t\t\t\n\t\t\t    <div class=\"text-center\">\n\t\t\t        <i class=\"none icon\"><\/i>\n\t\t\t        <h5 class=\"uppercase\"><\/h5>\n\t\t\t    <\/div>\n\t\t\t    <p><a href=\"https:\/\/www.bci.cl\/personas\/salon-vip-aeropuerto\" target=\"_blank\" rel=\"noopener noreferrer\"><img loading=\"lazy\" decoding=\"async\" class=\"alignnone size-full wp-image-1979 aligncenter\" src=\"https:\/\/primeclass.cl\/nacional\/wp-content\/uploads\/2019\/02\/05-bci-mc-black-opensky-1.png\" alt=\"\" width=\"300\" height=\"71\" \/><\/a><\/p>\n\n\t\t\t    \n\t\t\t<\/div>\n\t\t[vc_empty_space height=&#8221;52px&#8221;]\n\t\t\t<div class=\"feature feature-1\">\n\t\t\t\t\n\t\t\t    <div class=\"text-center\">\n\t\t\t        <i class=\"none icon\"><\/i>\n\t\t\t        <h5 class=\"uppercase\"><\/h5>\n\t\t\t    <\/div>\n\t\t\t    <p><a href=\"https:\/\/bice.cl\/ss\/Satellite?c=Page&cid=1399334032206&pagename=BICE%2FPage%2FArticulo%2FComparativoLayout\" target=\"_blank\" rel=\"noopener noreferrer\"><img loading=\"lazy\" decoding=\"async\" class=\"aligncenter size-medium wp-image-1892\" src=\"https:\/\/primeclass.cl\/nacional\/wp-content\/uploads\/2019\/01\/02-bice-visa-infinite-300x71.png\" alt=\"\" width=\"300\" height=\"71\" \/><\/a><\/p>\n\n\t\t\t    \n\t\t\t<\/div>\n\t\t[vc_empty_space height=&#8221;52px&#8221;]\n\t\t\t<div class=\"feature feature-1\">\n\t\t\t\t\n\t\t\t    <div class=\"text-center\">\n\t\t\t        <i class=\"none icon\"><\/i>\n\t\t\t        <h5 class=\"uppercase\"><\/h5>\n\t\t\t    <\/div>\n\t\t\t    <p><a href=\"https:\/\/www.itaubeneficios.cl\/disfruta-tus-viajes-con-itau\/\" target=\"_blank\" rel=\"noopener noreferrer\"><img loading=\"lazy\" decoding=\"async\" class=\"alignnone size-full wp-image-2147 aligncenter\" src=\"https:\/\/primeclass.cl\/nacional\/wp-content\/uploads\/2019\/07\/30-itau-visa-platinum-business.png\" alt=\"\" width=\"300\" height=\"71\" \/><\/a><\/p>\n\n\t\t\t    \n\t\t\t<\/div>\n\t\t[vc_empty_space height=&#8221;52px&#8221;]\n\t\t\t<div class=\"feature feature-1\">\n\t\t\t\t\n\t\t\t    <div class=\"text-center\">\n\t\t\t        <i class=\"none icon\"><\/i>\n\t\t\t        <h5 class=\"uppercase\"><\/h5>\n\t\t\t    <\/div>\n\t\t\t    <p><a href=\"https:\/\/www.santander.cl\/tarjetas\/nuestras-tarjetas\/pdf\/salones-vip.pdf\" target=\"_blank\" rel=\"noopener noreferrer\"><img loading=\"lazy\" decoding=\"async\" class=\"alignnone size-full wp-image-2157 aligncenter\" src=\"https:\/\/primeclass.cl\/nacional\/wp-content\/uploads\/2019\/09\/santander-amex.png\" alt=\"\" width=\"300\" height=\"71\" \/><\/a><\/p>\n\n\t\t\t    \n\t\t\t<\/div>\n\t\t[vc_empty_space height=&#8221;52px&#8221;]\n\t\t\t<div class=\"feature feature-1\">\n\t\t\t\t\n\t\t\t    <div class=\"text-center\">\n\t\t\t        <i class=\"none icon\"><\/i>\n\t\t\t        <h5 class=\"uppercase\"><\/h5>\n\t\t\t    <\/div>\n\t\t\t    <p><img loading=\"lazy\" decoding=\"async\" class=\"aligncenter size-medium wp-image-1902\" src=\"https:\/\/primeclass.cl\/nacional\/wp-content\/uploads\/2019\/01\/12-united-300x71.png\" alt=\"\" width=\"300\" height=\"71\" \/><\/p>\n\n\t\t\t    \n\t\t\t<\/div>\n\t\t[vc_empty_space height=&#8221;52px&#8221;]\n\t\t\t<div class=\"feature feature-1\">\n\t\t\t\t\n\t\t\t    <div class=\"text-center\">\n\t\t\t        <i class=\"none icon\"><\/i>\n\t\t\t        <h5 class=\"uppercase\"><\/h5>\n\t\t\t    <\/div>\n\t\t\t    <p><img loading=\"lazy\" decoding=\"async\" class=\"alignnone size-full wp-image-2150 aligncenter\" src=\"https:\/\/primeclass.cl\/nacional\/wp-content\/uploads\/2019\/07\/blank.png\" alt=\"\" width=\"300\" height=\"71\" \/><\/p>\n\n\t\t\t    \n\t\t\t<\/div>\n\t\t[vc_empty_space height=&#8221;52px&#8221;]\n\t\t\t<div class=\"feature feature-1\">\n\t\t\t\t\n\t\t\t    <div class=\"text-center\">\n\t\t\t        <i class=\"none icon\"><\/i>\n\t\t\t        <h5 class=\"uppercase\"><\/h5>\n\t\t\t    <\/div>\n\t\t\t    <p><img loading=\"lazy\" decoding=\"async\" class=\"aligncenter size-medium wp-image-1904\" src=\"https:\/\/primeclass.cl\/nacional\/wp-content\/uploads\/2019\/01\/14-loungebuddy-300x71.png\" alt=\"\" width=\"300\" height=\"71\" \/><\/p>\n\n\t\t\t    \n\t\t\t<\/div>\n\t\t[vc_empty_space height=&#8221;52px&#8221;]\n\t\t\t<div class=\"feature feature-1\">\n\t\t\t\t\n\t\t\t    <div class=\"text-center\">\n\t\t\t        <i class=\"none icon\"><\/i>\n\t\t\t        <h5 class=\"uppercase\"><\/h5>\n\t\t\t    <\/div>\n\t\t\t    <p><a href=\"http:\/\/www.mapfretecuidamos.cl\" target=\"_blank\" rel=\"noopener noreferrer\"><img loading=\"lazy\" decoding=\"async\" class=\"size-full wp-image-2283 aligncenter\" src=\"https:\/\/primeclass.cl\/nacional\/wp-content\/uploads\/2020\/02\/17-mapfre-300x71-2.png\" alt=\"\" width=\"300\" height=\"71\" \/><\/a><\/p>\n\n\t\t\t    \n\t\t\t<\/div>\n\t\t[vc_empty_space height=&#8221;52px&#8221;]\n\t\t\t<div class=\"feature feature-1\">\n\t\t\t\t\n\t\t\t    <div class=\"text-center\">\n\t\t\t        <i class=\"none icon\"><\/i>\n\t\t\t        <h5 class=\"uppercase\"><\/h5>\n\t\t\t    <\/div>\n\t\t\t    <p><img loading=\"lazy\" decoding=\"async\" class=\"aligncenter size-medium wp-image-1909\" src=\"https:\/\/primeclass.cl\/nacional\/wp-content\/uploads\/2019\/01\/19-sportstour-300x71.png\" alt=\"\" width=\"300\" height=\"71\" \/><\/p>\n\n\t\t\t    \n\t\t\t<\/div>\n\t\t[vc_empty_space height=&#8221;52px&#8221;]\n\t\t\t<div class=\"feature feature-1\">\n\t\t\t\t\n\t\t\t    <div class=\"text-center\">\n\t\t\t        <i class=\"none icon\"><\/i>\n\t\t\t        <h5 class=\"uppercase\"><\/h5>\n\t\t\t    <\/div>\n\t\t\t    <p><img loading=\"lazy\" decoding=\"async\" class=\"aligncenter size-medium wp-image-1888\" src=\"https:\/\/primeclass.cl\/nacional\/wp-content\/uploads\/2019\/01\/22-loungeme-300x71.png\" alt=\"\" width=\"300\" height=\"71\" \/><\/p>\n\n\t\t\t    \n\t\t\t<\/div>\n\t\t[\/vc_column][\/vc_row][vc_row][vc_column][vc_column_text]<\/p>\n<h4 class=\"mb8\" style=\"text-align: center;\">Te gustar\u00eda formar alianza con nosotros y acceder a nuestros acuerdos preferenciales?<\/h4>\n<p>&nbsp;<\/p>\n<p style=\"text-align: center;\"><a class=\"btn btn-filled btn-lg mb0\" href=\"https:\/\/primeclass.cl\/nacional\/contactanos\/\">Aqu\u00ed<\/a><\/p>\n<p>[\/vc_column_text][\/vc_column][\/vc_row]<\/p>\n","protected":false},"excerpt":{"rendered":"<p>[vc_row][vc_column][vc_column_text] Estamos felices de generar alianzas con grandes compa\u00f1\u00edas que nos permiten brindar atenci\u00f3n a sus clientes en nuestros salones de&#8230;<\/p>\n","protected":false},"author":6,"featured_media":1635,"parent":0,"menu_order":0,"comment_status":"closed","ping_status":"closed","template":"","meta":{"footnotes":""},"class_list":["post-1617","page","type-page","status-publish","has-post-thumbnail","hentry"],"_links":{"self":[{"href":"https:\/\/primeclass.cl\/nacional\/wp-json\/wp\/v2\/pages\/1617","targetHints":{"allow":["GET"]}}],"collection":[{"href":"https:\/\/primeclass.cl\/nacional\/wp-json\/wp\/v2\/pages"}],"about":[{"href":"https:\/\/primeclass.cl\/nacional\/wp-json\/wp\/v2\/types\/page"}],"author":[{"embeddable":true,"href":"https:\/\/primeclass.cl\/nacional\/wp-json\/wp\/v2\/users\/6"}],"replies":[{"embeddable":true,"href":"https:\/\/primeclass.cl\/nacional\/wp-json\/wp\/v2\/comments?post=1617"}],"version-history":[{"count":25,"href":"https:\/\/primeclass.cl\/nacional\/wp-json\/wp\/v2\/pages\/1617\/revisions"}],"predecessor-version":[{"id":2545,"href":"https:\/\/primeclass.cl\/nacional\/wp-json\/wp\/v2\/pages\/1617\/revisions\/2545"}],"wp:featuredmedia":[{"embeddable":true,"href":"https:\/\/primeclass.cl\/nacional\/wp-json\/wp\/v2\/media\/1635"}],"wp:attachment":[{"href":"https:\/\/primeclass.cl\/nacional\/wp-json\/wp\/v2\/media?parent=1617"}],"curies":[{"name":"wp","href":"https:\/\/api.w.org\/{rel}","templated":true}]}}