{"id":1158,"date":"2023-12-07T14:54:52","date_gmt":"2023-12-07T14:54:52","guid":{"rendered":"https:\/\/primeclass.cl\/?page_id=1158"},"modified":"2025-04-10T23:25:56","modified_gmt":"2025-04-10T23:25:56","slug":"publicidad-en-salon","status":"publish","type":"page","link":"https:\/\/primeclass.cl\/es\/publicidad-en-salon\/","title":{"rendered":"Publicidad en Sal\u00f3n"},"content":{"rendered":"\t\t<div data-elementor-type=\"wp-page\" data-elementor-id=\"1158\" class=\"elementor elementor-1158\" data-elementor-post-type=\"page\">\n\t\t\t\t\t\t<section class=\"elementor-section elementor-top-section elementor-element elementor-element-7469100 elementor-section-full_width elementor-section-stretched elementor-section-content-middle elementor-section-height-default elementor-section-height-default\" data-id=\"7469100\" data-element_type=\"section\" data-settings=\"{&quot;background_background&quot;:&quot;classic&quot;,&quot;stretch_section&quot;:&quot;section-stretched&quot;}\">\n\t\t\t\t\t\t<div class=\"elementor-container elementor-column-gap-no\">\n\t\t\t\t\t<div class=\"elementor-column elementor-col-50 elementor-top-column elementor-element elementor-element-4e8c3a9\" data-id=\"4e8c3a9\" data-element_type=\"column\">\n\t\t\t<div class=\"elementor-widget-wrap elementor-element-populated\">\n\t\t\t\t\t\t<div class=\"elementor-element elementor-element-cc568a5 elementor-widget elementor-widget-spacer\" data-id=\"cc568a5\" data-element_type=\"widget\" data-widget_type=\"spacer.default\">\n\t\t\t\t<div class=\"elementor-widget-container\">\n\t\t\t\t\t\t\t<div class=\"elementor-spacer\">\n\t\t\t<div class=\"elementor-spacer-inner\"><\/div>\n\t\t<\/div>\n\t\t\t\t\t\t<\/div>\n\t\t\t\t<\/div>\n\t\t\t\t<div class=\"elementor-element elementor-element-8aea755 elementor-widget elementor-widget-heading\" data-id=\"8aea755\" data-element_type=\"widget\" data-widget_type=\"heading.default\">\n\t\t\t\t<div class=\"elementor-widget-container\">\n\t\t\t\t\t<h2 class=\"elementor-heading-title elementor-size-default\">Publicidad Exclusiva en Salones VIP - Primeclass Pac\u00edfico<\/h2>\t\t\t\t<\/div>\n\t\t\t\t<\/div>\n\t\t\t\t<div class=\"elementor-element elementor-element-14e1e3e elementor-widget-divider--view-line elementor-widget elementor-widget-divider\" data-id=\"14e1e3e\" data-element_type=\"widget\" data-widget_type=\"divider.default\">\n\t\t\t\t<div class=\"elementor-widget-container\">\n\t\t\t\t\t\t\t<div class=\"elementor-divider\">\n\t\t\t<span class=\"elementor-divider-separator\">\n\t\t\t\t\t\t<\/span>\n\t\t<\/div>\n\t\t\t\t\t\t<\/div>\n\t\t\t\t<\/div>\n\t\t\t\t<div class=\"elementor-element elementor-element-4189b3b elementor-widget elementor-widget-text-editor\" data-id=\"4189b3b\" data-element_type=\"widget\" data-widget_type=\"text-editor.default\">\n\t\t\t\t<div class=\"elementor-widget-container\">\n\t\t\t\t\t\t\t\t\t<h4>Promociona tu marca en espacios exclusivos de alto tr\u00e1fico en aeropuertos.<\/h4><ul><li>Pantallas exclusivas (50\u201d y 75\u201d UHD 4K) con loops continuos en alta definici\u00f3n.<\/li><li>Pantallas de vuelos (43\u201d y 50\u201d UHD 4K) estrat\u00e9gicamente ubicadas.<\/li><li>Pantallas compartidas con TV abierta (65\u201d y 75\u201d UHD 4K) en \u00e1reas de descanso y bares.<\/li><\/ul><h4>Beneficios de Anunciar con Nosotros<\/h4><ol><li>Impacto visual garantizado con m\u00e1s de 30 reproducciones por hora<\/li><li>M\u00e1s de 720 impresiones diarias por sal\u00f3n<\/li><li>P\u00fablico exclusivo: ejecutivos, viajeros de alto nivel y clientes premium.<\/li><\/ol><h4>Planes de Publicidad<\/h4><p>Adaptamos tu publicidad a diferentes formatos:<\/p><ul><li>Pantalla Total<\/li><li>Publicidad en Vuelos<\/li><li>TV Abierta<\/li><li>Pack 360\u00b0 (Total + Vuelos + TV)<\/li><\/ul><h4>Contacto<\/h4><p>Para consultas escr\u00edbenos a <a class=\"\" href=\"mailto:contacto@primeclass.cl\">contacto@primeclass.cl .<\/a><\/p>\t\t\t\t\t\t\t\t<\/div>\n\t\t\t\t<\/div>\n\t\t\t\t\t<\/div>\n\t\t<\/div>\n\t\t\t\t<div class=\"elementor-column elementor-col-50 elementor-top-column elementor-element elementor-element-c635bfb\" data-id=\"c635bfb\" data-element_type=\"column\" data-settings=\"{&quot;background_background&quot;:&quot;classic&quot;}\">\n\t\t\t<div class=\"elementor-widget-wrap elementor-element-populated\">\n\t\t\t\t\t\t<div class=\"elementor-element elementor-element-6e71dac elementor-widget elementor-widget-spacer\" data-id=\"6e71dac\" data-element_type=\"widget\" data-widget_type=\"spacer.default\">\n\t\t\t\t<div class=\"elementor-widget-container\">\n\t\t\t\t\t\t\t<div class=\"elementor-spacer\">\n\t\t\t<div class=\"elementor-spacer-inner\"><\/div>\n\t\t<\/div>\n\t\t\t\t\t\t<\/div>\n\t\t\t\t<\/div>\n\t\t\t\t<div class=\"elementor-element elementor-element-956d31b elementor-arrows-position-inside elementor-widget elementor-widget-image-carousel\" data-id=\"956d31b\" data-element_type=\"widget\" data-settings=\"{&quot;slides_to_show&quot;:&quot;1&quot;,&quot;navigation&quot;:&quot;arrows&quot;,&quot;autoplay&quot;:&quot;yes&quot;,&quot;pause_on_hover&quot;:&quot;yes&quot;,&quot;pause_on_interaction&quot;:&quot;yes&quot;,&quot;autoplay_speed&quot;:5000,&quot;infinite&quot;:&quot;yes&quot;,&quot;effect&quot;:&quot;slide&quot;,&quot;speed&quot;:500}\" data-widget_type=\"image-carousel.default\">\n\t\t\t\t<div class=\"elementor-widget-container\">\n\t\t\t\t\t\t\t<div class=\"elementor-image-carousel-wrapper swiper\" role=\"region\" aria-roledescription=\"carousel\" aria-label=\"Carrusel de im\u00e1genes\" dir=\"ltr\">\n\t\t\t<div class=\"elementor-image-carousel swiper-wrapper\" aria-live=\"off\">\n\t\t\t\t\t\t\t\t<div class=\"swiper-slide\" role=\"group\" aria-roledescription=\"slide\" aria-label=\"1 de 3\"><a data-elementor-open-lightbox=\"yes\" data-elementor-lightbox-slideshow=\"956d31b\" data-elementor-lightbox-title=\"IMG-5c\" data-e-action-hash=\"#elementor-action%3Aaction%3Dlightbox%26settings%3DeyJpZCI6NTY2MywidXJsIjoiaHR0cHM6XC9cL3ByaW1lY2xhc3MuY2xcL3dwLWNvbnRlbnRcL3VwbG9hZHNcLzIwMjVcLzAyXC9JTUctNWMtc2NhbGVkLmpwZyIsInNsaWRlc2hvdyI6Ijk1NmQzMWIifQ%3D%3D\" href=\"https:\/\/primeclass.cl\/wp-content\/uploads\/2025\/02\/IMG-5c-scaled.jpg\"><figure class=\"swiper-slide-inner\"><img decoding=\"async\" class=\"swiper-slide-image\" src=\"https:\/\/primeclass.cl\/wp-content\/uploads\/2025\/02\/IMG-5c-scaled.jpg\" alt=\"IMG-5c\" \/><\/figure><\/a><\/div><div class=\"swiper-slide\" role=\"group\" aria-roledescription=\"slide\" aria-label=\"2 de 3\"><a data-elementor-open-lightbox=\"yes\" data-elementor-lightbox-slideshow=\"956d31b\" data-elementor-lightbox-title=\"IMG-3\" data-e-action-hash=\"#elementor-action%3Aaction%3Dlightbox%26settings%3DeyJpZCI6NTY2MiwidXJsIjoiaHR0cHM6XC9cL3ByaW1lY2xhc3MuY2xcL3dwLWNvbnRlbnRcL3VwbG9hZHNcLzIwMjVcLzAyXC9JTUctMy0xLXNjYWxlZC5qcGciLCJzbGlkZXNob3ciOiI5NTZkMzFiIn0%3D\" href=\"https:\/\/primeclass.cl\/wp-content\/uploads\/2025\/02\/IMG-3-1-scaled.jpg\"><figure class=\"swiper-slide-inner\"><img decoding=\"async\" class=\"swiper-slide-image\" src=\"https:\/\/primeclass.cl\/wp-content\/uploads\/2025\/02\/IMG-3-1-scaled.jpg\" alt=\"IMG-3\" \/><\/figure><\/a><\/div><div class=\"swiper-slide\" role=\"group\" aria-roledescription=\"slide\" aria-label=\"3 de 3\"><a data-elementor-open-lightbox=\"yes\" data-elementor-lightbox-slideshow=\"956d31b\" data-elementor-lightbox-title=\"IMG-18\" data-e-action-hash=\"#elementor-action%3Aaction%3Dlightbox%26settings%3DeyJpZCI6NTY2MCwidXJsIjoiaHR0cHM6XC9cL3ByaW1lY2xhc3MuY2xcL3dwLWNvbnRlbnRcL3VwbG9hZHNcLzIwMjVcLzAyXC9JTUctMTgtc2NhbGVkLmpwZyIsInNsaWRlc2hvdyI6Ijk1NmQzMWIifQ%3D%3D\" href=\"https:\/\/primeclass.cl\/wp-content\/uploads\/2025\/02\/IMG-18-scaled.jpg\"><figure class=\"swiper-slide-inner\"><img decoding=\"async\" class=\"swiper-slide-image\" src=\"https:\/\/primeclass.cl\/wp-content\/uploads\/2025\/02\/IMG-18-scaled.jpg\" alt=\"IMG-18\" \/><\/figure><\/a><\/div>\t\t\t<\/div>\n\t\t\t\t\t\t\t\t\t\t\t\t<div class=\"elementor-swiper-button elementor-swiper-button-prev\" role=\"button\" tabindex=\"0\">\n\t\t\t\t\t\t<i aria-hidden=\"true\" class=\"eicon-chevron-left\"><\/i>\t\t\t\t\t<\/div>\n\t\t\t\t\t<div class=\"elementor-swiper-button elementor-swiper-button-next\" role=\"button\" tabindex=\"0\">\n\t\t\t\t\t\t<i aria-hidden=\"true\" class=\"eicon-chevron-right\"><\/i>\t\t\t\t\t<\/div>\n\t\t\t\t\n\t\t\t\t\t\t\t\t\t<\/div>\n\t\t\t\t\t\t<\/div>\n\t\t\t\t<\/div>\n\t\t\t\t\t<\/div>\n\t\t<\/div>\n\t\t\t\t\t<\/div>\n\t\t<\/section>\n\t\t\t\t<\/div>\n\t\t","protected":false},"excerpt":{"rendered":"<p>Publicidad Exclusiva en Salones VIP &#8211; Primeclass Pac\u00edfico Promociona tu marca en espacios exclusivos de alto tr\u00e1fico en aeropuertos. Pantallas exclusivas (50\u201d y 75\u201d UHD 4K) con loops continuos en alta definici\u00f3n. Pantallas de vuelos (43\u201d y 50\u201d UHD 4K) estrat\u00e9gicamente ubicadas. Pantallas compartidas con TV abierta (65\u201d y 75\u201d UHD 4K) en \u00e1reas de [&hellip;]<\/p>\n","protected":false},"author":13,"featured_media":0,"parent":0,"menu_order":0,"comment_status":"closed","ping_status":"closed","template":"elementor_header_footer","meta":{"footnotes":""},"class_list":["post-1158","page","type-page","status-publish","hentry"],"yoast_head":"<!-- This site is optimized with the Yoast SEO plugin v26.7 - https:\/\/yoast.com\/wordpress\/plugins\/seo\/ -->\n<title>Publicidad en el Aeropuerto | Sal\u00f3n VIP<\/title>\n<meta name=\"description\" content=\"Publicidad exclusiva en salones VIP de aeropuertos. Llega a un p\u00fablico premium con anuncios en pantallas estrat\u00e9gicas.\" \/>\n<meta name=\"robots\" content=\"index, follow, max-snippet:-1, max-image-preview:large, max-video-preview:-1\" \/>\n<link rel=\"canonical\" href=\"https:\/\/primeclass.cl\/es\/publicidad-en-salon\/\" \/>\n<meta property=\"og:locale\" content=\"es_ES\" \/>\n<meta property=\"og:type\" content=\"article\" \/>\n<meta property=\"og:title\" content=\"Publicidad en el Aeropuerto | Sal\u00f3n VIP\" \/>\n<meta property=\"og:description\" content=\"Publicidad exclusiva en salones VIP de aeropuertos. Llega a un p\u00fablico premium con anuncios en pantallas estrat\u00e9gicas.\" \/>\n<meta property=\"og:url\" content=\"https:\/\/primeclass.cl\/es\/publicidad-en-salon\/\" \/>\n<meta property=\"og:site_name\" content=\"PrimeClass\" \/>\n<meta property=\"article:modified_time\" content=\"2025-04-10T23:25:56+00:00\" \/>\n<meta property=\"og:image\" content=\"https:\/\/primeclass.cl\/wp-content\/uploads\/2025\/02\/IMG-5c-scaled.jpg\" \/>\n<meta name=\"twitter:card\" content=\"summary_large_image\" \/>\n<meta name=\"twitter:label1\" content=\"Tiempo estimado de lectura\" \/>\n\t<meta name=\"twitter:data1\" content=\"2 minutos\" \/>\n<script type=\"application\/ld+json\" class=\"yoast-schema-graph\">{\"@context\":\"https:\/\/schema.org\",\"@graph\":[{\"@type\":\"WebPage\",\"@id\":\"https:\/\/primeclass.cl\/publicidad-en-salon\/\",\"url\":\"https:\/\/primeclass.cl\/publicidad-en-salon\/\",\"name\":\"Publicidad en el Aeropuerto | Sal\u00f3n VIP\",\"isPartOf\":{\"@id\":\"https:\/\/primeclass.cl\/#website\"},\"primaryImageOfPage\":{\"@id\":\"https:\/\/primeclass.cl\/publicidad-en-salon\/#primaryimage\"},\"image\":{\"@id\":\"https:\/\/primeclass.cl\/publicidad-en-salon\/#primaryimage\"},\"thumbnailUrl\":\"https:\/\/primeclass.cl\/wp-content\/uploads\/2025\/02\/IMG-5c-scaled.jpg\",\"datePublished\":\"2023-12-07T14:54:52+00:00\",\"dateModified\":\"2025-04-10T23:25:56+00:00\",\"description\":\"Publicidad exclusiva en salones VIP de aeropuertos. Llega a un p\u00fablico premium con anuncios en pantallas estrat\u00e9gicas.\",\"breadcrumb\":{\"@id\":\"https:\/\/primeclass.cl\/publicidad-en-salon\/#breadcrumb\"},\"inLanguage\":\"es-CL\",\"potentialAction\":[{\"@type\":\"ReadAction\",\"target\":[\"https:\/\/primeclass.cl\/publicidad-en-salon\/\"]}]},{\"@type\":\"ImageObject\",\"inLanguage\":\"es-CL\",\"@id\":\"https:\/\/primeclass.cl\/publicidad-en-salon\/#primaryimage\",\"url\":\"https:\/\/primeclass.cl\/wp-content\/uploads\/2025\/02\/IMG-5c-scaled.jpg\",\"contentUrl\":\"https:\/\/primeclass.cl\/wp-content\/uploads\/2025\/02\/IMG-5c-scaled.jpg\"},{\"@type\":\"BreadcrumbList\",\"@id\":\"https:\/\/primeclass.cl\/publicidad-en-salon\/#breadcrumb\",\"itemListElement\":[{\"@type\":\"ListItem\",\"position\":1,\"name\":\"Portada\",\"item\":\"https:\/\/primeclass.cl\/\"},{\"@type\":\"ListItem\",\"position\":2,\"name\":\"Publicidad en Sal\u00f3n\"}]},{\"@type\":\"WebSite\",\"@id\":\"https:\/\/primeclass.cl\/#website\",\"url\":\"https:\/\/primeclass.cl\/\",\"name\":\"Prime Class Salones Vip\",\"description\":\"Salones Vip Aeropuerto SCL\",\"publisher\":{\"@id\":\"https:\/\/primeclass.cl\/#organization\"},\"potentialAction\":[{\"@type\":\"SearchAction\",\"target\":{\"@type\":\"EntryPoint\",\"urlTemplate\":\"https:\/\/primeclass.cl\/?s={search_term_string}\"},\"query-input\":{\"@type\":\"PropertyValueSpecification\",\"valueRequired\":true,\"valueName\":\"search_term_string\"}}],\"inLanguage\":\"es-CL\"},{\"@type\":\"Organization\",\"@id\":\"https:\/\/primeclass.cl\/#organization\",\"name\":\"PrimeClass Pac\u00edfico\",\"url\":\"https:\/\/primeclass.cl\/\",\"logo\":{\"@type\":\"ImageObject\",\"inLanguage\":\"es-CL\",\"@id\":\"https:\/\/primeclass.cl\/#\/schema\/logo\/image\/\",\"url\":\"https:\/\/primeclass.cl\/wp-content\/uploads\/2024\/10\/Logo-sin-fondo.png\",\"contentUrl\":\"https:\/\/primeclass.cl\/wp-content\/uploads\/2024\/10\/Logo-sin-fondo.png\",\"width\":832,\"height\":832,\"caption\":\"PrimeClass Pac\u00edfico\"},\"image\":{\"@id\":\"https:\/\/primeclass.cl\/#\/schema\/logo\/image\/\"},\"sameAs\":[\"https:\/\/www.linkedin.com\/company\/primeclass-pacifico\",\"https:\/\/www.instagram.com\/primeclasspacifico\/\"]}]}<\/script>\n<!-- \/ Yoast SEO plugin. -->","yoast_head_json":{"title":"Publicidad en el Aeropuerto | Sal\u00f3n VIP","description":"Publicidad exclusiva en salones VIP de aeropuertos. Llega a un p\u00fablico premium con anuncios en pantallas estrat\u00e9gicas.","robots":{"index":"index","follow":"follow","max-snippet":"max-snippet:-1","max-image-preview":"max-image-preview:large","max-video-preview":"max-video-preview:-1"},"canonical":"https:\/\/primeclass.cl\/es\/publicidad-en-salon\/","og_locale":"es_ES","og_type":"article","og_title":"Publicidad en el Aeropuerto | Sal\u00f3n VIP","og_description":"Publicidad exclusiva en salones VIP de aeropuertos. Llega a un p\u00fablico premium con anuncios en pantallas estrat\u00e9gicas.","og_url":"https:\/\/primeclass.cl\/es\/publicidad-en-salon\/","og_site_name":"PrimeClass","article_modified_time":"2025-04-10T23:25:56+00:00","og_image":[{"url":"https:\/\/primeclass.cl\/wp-content\/uploads\/2025\/02\/IMG-5c-scaled.jpg","type":"","width":"","height":""}],"twitter_card":"summary_large_image","twitter_misc":{"Tiempo estimado de lectura":"2 minutos"},"schema":{"@context":"https:\/\/schema.org","@graph":[{"@type":"WebPage","@id":"https:\/\/primeclass.cl\/publicidad-en-salon\/","url":"https:\/\/primeclass.cl\/publicidad-en-salon\/","name":"Publicidad en el Aeropuerto | Sal\u00f3n VIP","isPartOf":{"@id":"https:\/\/primeclass.cl\/#website"},"primaryImageOfPage":{"@id":"https:\/\/primeclass.cl\/publicidad-en-salon\/#primaryimage"},"image":{"@id":"https:\/\/primeclass.cl\/publicidad-en-salon\/#primaryimage"},"thumbnailUrl":"https:\/\/primeclass.cl\/wp-content\/uploads\/2025\/02\/IMG-5c-scaled.jpg","datePublished":"2023-12-07T14:54:52+00:00","dateModified":"2025-04-10T23:25:56+00:00","description":"Publicidad exclusiva en salones VIP de aeropuertos. Llega a un p\u00fablico premium con anuncios en pantallas estrat\u00e9gicas.","breadcrumb":{"@id":"https:\/\/primeclass.cl\/publicidad-en-salon\/#breadcrumb"},"inLanguage":"es-CL","potentialAction":[{"@type":"ReadAction","target":["https:\/\/primeclass.cl\/publicidad-en-salon\/"]}]},{"@type":"ImageObject","inLanguage":"es-CL","@id":"https:\/\/primeclass.cl\/publicidad-en-salon\/#primaryimage","url":"https:\/\/primeclass.cl\/wp-content\/uploads\/2025\/02\/IMG-5c-scaled.jpg","contentUrl":"https:\/\/primeclass.cl\/wp-content\/uploads\/2025\/02\/IMG-5c-scaled.jpg"},{"@type":"BreadcrumbList","@id":"https:\/\/primeclass.cl\/publicidad-en-salon\/#breadcrumb","itemListElement":[{"@type":"ListItem","position":1,"name":"Portada","item":"https:\/\/primeclass.cl\/"},{"@type":"ListItem","position":2,"name":"Publicidad en Sal\u00f3n"}]},{"@type":"WebSite","@id":"https:\/\/primeclass.cl\/#website","url":"https:\/\/primeclass.cl\/","name":"Prime Class Salones Vip","description":"Salones Vip Aeropuerto SCL","publisher":{"@id":"https:\/\/primeclass.cl\/#organization"},"potentialAction":[{"@type":"SearchAction","target":{"@type":"EntryPoint","urlTemplate":"https:\/\/primeclass.cl\/?s={search_term_string}"},"query-input":{"@type":"PropertyValueSpecification","valueRequired":true,"valueName":"search_term_string"}}],"inLanguage":"es-CL"},{"@type":"Organization","@id":"https:\/\/primeclass.cl\/#organization","name":"PrimeClass Pac\u00edfico","url":"https:\/\/primeclass.cl\/","logo":{"@type":"ImageObject","inLanguage":"es-CL","@id":"https:\/\/primeclass.cl\/#\/schema\/logo\/image\/","url":"https:\/\/primeclass.cl\/wp-content\/uploads\/2024\/10\/Logo-sin-fondo.png","contentUrl":"https:\/\/primeclass.cl\/wp-content\/uploads\/2024\/10\/Logo-sin-fondo.png","width":832,"height":832,"caption":"PrimeClass Pac\u00edfico"},"image":{"@id":"https:\/\/primeclass.cl\/#\/schema\/logo\/image\/"},"sameAs":["https:\/\/www.linkedin.com\/company\/primeclass-pacifico","https:\/\/www.instagram.com\/primeclasspacifico\/"]}]}},"_links":{"self":[{"href":"https:\/\/primeclass.cl\/es\/wp-json\/wp\/v2\/pages\/1158","targetHints":{"allow":["GET"]}}],"collection":[{"href":"https:\/\/primeclass.cl\/es\/wp-json\/wp\/v2\/pages"}],"about":[{"href":"https:\/\/primeclass.cl\/es\/wp-json\/wp\/v2\/types\/page"}],"author":[{"embeddable":true,"href":"https:\/\/primeclass.cl\/es\/wp-json\/wp\/v2\/users\/13"}],"replies":[{"embeddable":true,"href":"https:\/\/primeclass.cl\/es\/wp-json\/wp\/v2\/comments?post=1158"}],"version-history":[{"count":74,"href":"https:\/\/primeclass.cl\/es\/wp-json\/wp\/v2\/pages\/1158\/revisions"}],"predecessor-version":[{"id":5869,"href":"https:\/\/primeclass.cl\/es\/wp-json\/wp\/v2\/pages\/1158\/revisions\/5869"}],"wp:attachment":[{"href":"https:\/\/primeclass.cl\/es\/wp-json\/wp\/v2\/media?parent=1158"}],"curies":[{"name":"wp","href":"https:\/\/api.w.org\/{rel}","templated":true}]}}