{"id":528,"date":"2023-10-24T13:33:59","date_gmt":"2023-10-24T13:33:59","guid":{"rendered":"https:\/\/primeclass.cl\/?post_type=product&#038;p=528"},"modified":"2026-03-17T12:18:49","modified_gmt":"2026-03-17T12:18:49","slug":"meet-and-greet","status":"publish","type":"product","link":"https:\/\/primeclass.cl\/en\/product\/meet-and-greet\/","title":{"rendered":"Meet &#038; Greet Oficial Aeropuerto Santiago Chile SCL"},"content":{"rendered":"<p>&nbsp;<\/p>\n<h1 style=\"text-align: center;\"><strong>Official Meet &amp; Greet Service of the Nuevo Pudahuel Airport SCL<\/strong><\/h1>\n<p style=\"text-align: center;\">Nuestro servicio oficial de <strong>Meet &amp; Greet<\/strong>\u00a0te ofrece una bienvenida personalizada y asistencia experta en cada paso de tu viaje. <span class=\"highlight\">Make your airport experience worry-free and filled with exclusive care.<\/span> From the moment you arrive at Arturo Merino Ben\u00edtez International Airport (SCL), a professional assistant will greet you and accompany you throughout the process, ensuring that your time at the facilities is quick, comfortable and efficient.<\/p>\n<p style=\"text-align: center;\">Con nuestro servicio exclusivo de Meet &amp; Greet, disfrutar\u00e1s de asistencia prioritaria para que tu experiencia de viaje sea mucho m\u00e1s placentera. Este servicio est\u00e1 dise\u00f1ado para ayudarte a superar cualquier desaf\u00edo que puedas encontrar en el aeropuerto, proporcionando asistencia tanto en la llegada como en la salida de tu vuelo. \u00bfTe gustar\u00eda recibir apoyo para agilizar el proceso de migraci\u00f3n y seguridad? \u00a1Nosotros te ayudamos!<\/p>\n<p style=\"text-align: center;\">We offer personalized assistance for all types of passengers, including those with special needs, families with children, seniors, or those who prefer a more exclusive service. Our customer service experts will be on hand to ensure that every detail is handled efficiently and professionally.<\/p>\n<p style=\"text-align: center;\"><span class=\"important\">This service does not include Fast Track<\/span> (no disponible en aeropuertos de Chile), pero el servicio de Meet &amp; Greet cubre una serie de beneficios para hacer tu paso por el aeropuerto m\u00e1s \u00e1gil. Ofrecemos la asistencia en el proceso de <strong>the check-in<\/strong>, baggage handling, and exclusive support during the security and migration process. In addition, you will enjoy access to VIP areas and rest areas (subject to availability).<\/p>\n<h2 style=\"text-align: center;\">What's included on the Meet and Greet service?<\/h2>\n<p style=\"text-align: center;\"><strong>Personalized assistance upon arrival or departure from the airport<\/strong>: Our team will guide you from the moment you arrive at Nuevo Pudahuel Airport, helping you navigate the airport with ease.<\/p>\n<p style=\"text-align: center;\"><strong>Help with luggage<\/strong>: If you need help with your luggage, our assistants will take care of it for you, allowing you to travel more comfortably.<\/p>\n<p style=\"text-align: center;\"><strong>Streamlining security and migration procedures<\/strong>: Our staff will help you go through security and migration controls, optimizing your time and saving you worries.<\/p>\n<p style=\"text-align: center;\"><strong>Access to VIP areas<\/strong>: You will have access to exclusive waiting rooms, where you can rest and enjoy a relaxing atmosphere before your flight (access sold separately).<\/p>\n<p style=\"text-align: center;\"><strong>Assistance to people with reduced mobility<\/strong>:If you have any condition that requires special assistance, our professionals will be available to provide you with all the support you need.<\/p>\n<p style=\"text-align: center;\"><b>VALORES POR PASAJERO<\/b><\/p>\n<h2 style=\"text-align: center;\">Why choose our Meet &amp; Greet service at Nuevo Pudahuel Airport?<\/h2>\n<p style=\"text-align: center;\">We have a highly trained team with extensive experience in serving passengers at the Nuevo Pudahuel Airport. Our goal is to make your journey through the airport as easy and stress-free as possible, allowing you to enjoy a quality and exclusive service. Whether you are traveling for work or pleasure, our mission is to ensure that your experience is memorable and hassle-free.<\/p>\n<h3 style=\"text-align: center;\">Additional benefits of choosing our service<\/h3>\n<p style=\"text-align: center;\">Assistance for international or domestic flight connections.<\/p>\n<p style=\"text-align: center;\">Internal transportation for those who need assistance to move around the airport.<\/p>\n<p style=\"text-align: center;\">Information about the status of your flight, boarding gates and any important changes to your itinerary.<\/p>\n<p style=\"text-align: center;\">24\/7 support, so you can rely on us at any time of the day or night.<\/p>\n<p style=\"text-align: center;\">Al elegir nuestro servicio de Meet &amp; Greet, no solo estar\u00e1s invirtiendo en una experiencia de viaje m\u00e1s c\u00f3moda y tranquila, sino tambi\u00e9n en un servicio de alta calidad que se ajusta a tus necesidades personales. Nuestros profesionales se encargar\u00e1n de todo, permiti\u00e9ndote disfrutar de un viaje sin complicaciones.<\/p>\n<p style=\"text-align: center;\">Do you have questions or would you like to book our service? Don't hesitate to <a href=\"mailto:contacto@primeclass.cl\">contact us<\/a> directly for more information. Our team will be happy to provide you with all the details you need.<\/p>\n<h2 style=\"text-align: center;\">Una vez que hayas comprado tu servicio, por favor escr\u00edbenos a reservations@primeclass.cl para coordinar los detalles.<\/h2>\n<p style=\"text-align: center;\">To learn more about our terms and conditions, please see our <a href=\"https:\/\/primeclass.cl\/en\/politicas\/\"><strong>Use policy<\/strong><\/a> and get all the details before making your reservation.<\/p>","protected":false},"excerpt":{"rendered":"<p>&nbsp; Servicio Meet &amp; Greet Oficial del Aeropuerto Nuevo Pudahuel SCL Nuestro servicio oficial de Meet &amp; Greet\u00a0te ofrece una bienvenida personalizada y asistencia experta en cada paso de tu viaje. Haz que tu experiencia en el aeropuerto sea sin preocupaciones y llena de atenciones exclusivas. Desde el momento de tu llegada al Aeropuerto Internacional [&hellip;]<\/p>","protected":false},"featured_media":5374,"comment_status":"open","ping_status":"closed","template":"","meta":[],"product_brand":[],"product_cat":[22],"product_tag":[],"class_list":{"0":"post-528","1":"product","2":"type-product","3":"status-publish","4":"has-post-thumbnail","6":"product_cat-servicios","7":"wcpa_has_options","9":"first","10":"instock","11":"shipping-taxable","12":"purchasable","13":"product-type-variable"},"yoast_head":"<!-- This site is optimized with the Yoast SEO plugin v26.7 - https:\/\/yoast.com\/wordpress\/plugins\/seo\/ -->\n<title>Meet &amp; Greet Oficial Aeropuerto Santiago Chile SCL - PrimeClass<\/title>\n<meta name=\"description\" content=\"Servicio Meet and Greet del Aeropuerto Arturo Merino Ben\u00edtez, Santiago de Chile. Asistencia r\u00e1pida, fluida y segura en llegadas, salidas o tr\u00e1nsitos.\" \/>\n<meta name=\"robots\" content=\"index, follow, max-snippet:-1, max-image-preview:large, max-video-preview:-1\" \/>\n<link rel=\"canonical\" href=\"https:\/\/primeclass.cl\/en\/product\/meet-and-greet\/\" \/>\n<meta property=\"og:locale\" content=\"en_US\" \/>\n<meta property=\"og:type\" content=\"article\" \/>\n<meta property=\"og:title\" content=\"Meet &amp; Greet Oficial Aeropuerto Santiago Chile SCL - PrimeClass\" \/>\n<meta property=\"og:description\" content=\"Servicio Meet and Greet del Aeropuerto Arturo Merino Ben\u00edtez, Santiago de Chile. Asistencia r\u00e1pida, fluida y segura en llegadas, salidas o tr\u00e1nsitos.\" \/>\n<meta property=\"og:url\" content=\"https:\/\/primeclass.cl\/en\/product\/meet-and-greet\/\" \/>\n<meta property=\"og:site_name\" content=\"PrimeClass\" \/>\n<meta property=\"article:modified_time\" content=\"2026-03-17T12:18:49+00:00\" \/>\n<meta property=\"og:image\" content=\"https:\/\/primeclass.cl\/wp-content\/uploads\/2023\/10\/IMG-33-scaled.jpg\" \/>\n\t<meta property=\"og:image:width\" content=\"2560\" \/>\n\t<meta property=\"og:image:height\" content=\"1707\" \/>\n\t<meta property=\"og:image:type\" content=\"image\/jpeg\" \/>\n<meta name=\"twitter:card\" content=\"summary_large_image\" \/>\n<meta name=\"twitter:label1\" content=\"Est. reading time\" \/>\n\t<meta name=\"twitter:data1\" content=\"4 minutes\" \/>\n<script type=\"application\/ld+json\" class=\"yoast-schema-graph\">{\"@context\":\"https:\/\/schema.org\",\"@graph\":[{\"@type\":\"WebPage\",\"@id\":\"https:\/\/primeclass.cl\/producto\/meet-and-greet\/\",\"url\":\"https:\/\/primeclass.cl\/producto\/meet-and-greet\/\",\"name\":\"Meet & Greet Oficial Aeropuerto Santiago Chile SCL - PrimeClass\",\"isPartOf\":{\"@id\":\"https:\/\/primeclass.cl\/#website\"},\"primaryImageOfPage\":{\"@id\":\"https:\/\/primeclass.cl\/producto\/meet-and-greet\/#primaryimage\"},\"image\":{\"@id\":\"https:\/\/primeclass.cl\/producto\/meet-and-greet\/#primaryimage\"},\"thumbnailUrl\":\"https:\/\/primeclass.cl\/wp-content\/uploads\/2023\/10\/IMG-33-scaled.jpg\",\"datePublished\":\"2023-10-24T13:33:59+00:00\",\"dateModified\":\"2026-03-17T12:18:49+00:00\",\"description\":\"Servicio Meet and Greet del Aeropuerto Arturo Merino Ben\u00edtez, Santiago de Chile. Asistencia r\u00e1pida, fluida y segura en llegadas, salidas o tr\u00e1nsitos.\",\"breadcrumb\":{\"@id\":\"https:\/\/primeclass.cl\/producto\/meet-and-greet\/#breadcrumb\"},\"inLanguage\":\"en-US\",\"potentialAction\":[{\"@type\":\"ReadAction\",\"target\":[\"https:\/\/primeclass.cl\/producto\/meet-and-greet\/\"]}]},{\"@type\":\"ImageObject\",\"inLanguage\":\"en-US\",\"@id\":\"https:\/\/primeclass.cl\/producto\/meet-and-greet\/#primaryimage\",\"url\":\"https:\/\/primeclass.cl\/wp-content\/uploads\/2023\/10\/IMG-33-scaled.jpg\",\"contentUrl\":\"https:\/\/primeclass.cl\/wp-content\/uploads\/2023\/10\/IMG-33-scaled.jpg\",\"width\":2560,\"height\":1707,\"caption\":\"meet and greet scl primeclass pacifico\"},{\"@type\":\"BreadcrumbList\",\"@id\":\"https:\/\/primeclass.cl\/producto\/meet-and-greet\/#breadcrumb\",\"itemListElement\":[{\"@type\":\"ListItem\",\"position\":1,\"name\":\"Portada\",\"item\":\"https:\/\/primeclass.cl\/\"},{\"@type\":\"ListItem\",\"position\":2,\"name\":\"Tienda\",\"item\":\"https:\/\/primeclass.cl\/tienda\/\"},{\"@type\":\"ListItem\",\"position\":3,\"name\":\"Meet &#038; Greet Oficial Aeropuerto Santiago Chile SCL\"}]},{\"@type\":\"WebSite\",\"@id\":\"https:\/\/primeclass.cl\/#website\",\"url\":\"https:\/\/primeclass.cl\/\",\"name\":\"Prime Class Salones Vip\",\"description\":\"Salones Vip Aeropuerto SCL\",\"publisher\":{\"@id\":\"https:\/\/primeclass.cl\/#organization\"},\"potentialAction\":[{\"@type\":\"SearchAction\",\"target\":{\"@type\":\"EntryPoint\",\"urlTemplate\":\"https:\/\/primeclass.cl\/?s={search_term_string}\"},\"query-input\":{\"@type\":\"PropertyValueSpecification\",\"valueRequired\":true,\"valueName\":\"search_term_string\"}}],\"inLanguage\":\"en-US\"},{\"@type\":\"Organization\",\"@id\":\"https:\/\/primeclass.cl\/#organization\",\"name\":\"PrimeClass Pac\u00edfico\",\"url\":\"https:\/\/primeclass.cl\/\",\"logo\":{\"@type\":\"ImageObject\",\"inLanguage\":\"en-US\",\"@id\":\"https:\/\/primeclass.cl\/#\/schema\/logo\/image\/\",\"url\":\"https:\/\/primeclass.cl\/wp-content\/uploads\/2024\/10\/Logo-sin-fondo.png\",\"contentUrl\":\"https:\/\/primeclass.cl\/wp-content\/uploads\/2024\/10\/Logo-sin-fondo.png\",\"width\":832,\"height\":832,\"caption\":\"PrimeClass Pac\u00edfico\"},\"image\":{\"@id\":\"https:\/\/primeclass.cl\/#\/schema\/logo\/image\/\"},\"sameAs\":[\"https:\/\/www.linkedin.com\/company\/primeclass-pacifico\",\"https:\/\/www.instagram.com\/primeclasspacifico\/\"]}]}<\/script>\n<!-- \/ Yoast SEO plugin. -->","yoast_head_json":{"title":"Official Meet &amp; Greet Santiago Airport Chile SCL - PrimeClass","description":"ChatGPT dijo:\nMeet and Greet Service at Arturo Merino Ben\u00edtez Airport, Santiago de Chile. Fast, smooth, and secure assistance for arrivals, departures, or transit.","robots":{"index":"index","follow":"follow","max-snippet":"max-snippet:-1","max-image-preview":"max-image-preview:large","max-video-preview":"max-video-preview:-1"},"canonical":"https:\/\/primeclass.cl\/en\/product\/meet-and-greet\/","og_locale":"en_US","og_type":"article","og_title":"Meet & Greet Oficial Aeropuerto Santiago Chile SCL - PrimeClass","og_description":"Servicio Meet and Greet del Aeropuerto Arturo Merino Ben\u00edtez, Santiago de Chile. Asistencia r\u00e1pida, fluida y segura en llegadas, salidas o tr\u00e1nsitos.","og_url":"https:\/\/primeclass.cl\/en\/product\/meet-and-greet\/","og_site_name":"PrimeClass","article_modified_time":"2026-03-17T12:18:49+00:00","og_image":[{"width":2560,"height":1707,"url":"https:\/\/primeclass.cl\/wp-content\/uploads\/2023\/10\/IMG-33-scaled.jpg","type":"image\/jpeg"}],"twitter_card":"summary_large_image","twitter_misc":{"Est. reading time":"4 minutes"},"schema":{"@context":"https:\/\/schema.org","@graph":[{"@type":"WebPage","@id":"https:\/\/primeclass.cl\/producto\/meet-and-greet\/","url":"https:\/\/primeclass.cl\/producto\/meet-and-greet\/","name":"Official Meet &amp; Greet Santiago Airport Chile SCL - PrimeClass","isPartOf":{"@id":"https:\/\/primeclass.cl\/#website"},"primaryImageOfPage":{"@id":"https:\/\/primeclass.cl\/producto\/meet-and-greet\/#primaryimage"},"image":{"@id":"https:\/\/primeclass.cl\/producto\/meet-and-greet\/#primaryimage"},"thumbnailUrl":"https:\/\/primeclass.cl\/wp-content\/uploads\/2023\/10\/IMG-33-scaled.jpg","datePublished":"2023-10-24T13:33:59+00:00","dateModified":"2026-03-17T12:18:49+00:00","description":"ChatGPT dijo:\nMeet and Greet Service at Arturo Merino Ben\u00edtez Airport, Santiago de Chile. Fast, smooth, and secure assistance for arrivals, departures, or transit.","breadcrumb":{"@id":"https:\/\/primeclass.cl\/producto\/meet-and-greet\/#breadcrumb"},"inLanguage":"en-US","potentialAction":[{"@type":"ReadAction","target":["https:\/\/primeclass.cl\/producto\/meet-and-greet\/"]}]},{"@type":"ImageObject","inLanguage":"en-US","@id":"https:\/\/primeclass.cl\/producto\/meet-and-greet\/#primaryimage","url":"https:\/\/primeclass.cl\/wp-content\/uploads\/2023\/10\/IMG-33-scaled.jpg","contentUrl":"https:\/\/primeclass.cl\/wp-content\/uploads\/2023\/10\/IMG-33-scaled.jpg","width":2560,"height":1707,"caption":"meet and greet scl primeclass pacifico"},{"@type":"BreadcrumbList","@id":"https:\/\/primeclass.cl\/producto\/meet-and-greet\/#breadcrumb","itemListElement":[{"@type":"ListItem","position":1,"name":"Portada","item":"https:\/\/primeclass.cl\/"},{"@type":"ListItem","position":2,"name":"Tienda","item":"https:\/\/primeclass.cl\/tienda\/"},{"@type":"ListItem","position":3,"name":"Meet &#038; Greet Oficial Aeropuerto Santiago Chile SCL"}]},{"@type":"WebSite","@id":"https:\/\/primeclass.cl\/#website","url":"https:\/\/primeclass.cl\/","name":"Prime Class Salones Vip","description":"Salones Vip Aeropuerto SCL","publisher":{"@id":"https:\/\/primeclass.cl\/#organization"},"potentialAction":[{"@type":"SearchAction","target":{"@type":"EntryPoint","urlTemplate":"https:\/\/primeclass.cl\/?s={search_term_string}"},"query-input":{"@type":"PropertyValueSpecification","valueRequired":true,"valueName":"search_term_string"}}],"inLanguage":"en-US"},{"@type":"Organization","@id":"https:\/\/primeclass.cl\/#organization","name":"PrimeClass Pac\u00edfico","url":"https:\/\/primeclass.cl\/","logo":{"@type":"ImageObject","inLanguage":"en-US","@id":"https:\/\/primeclass.cl\/#\/schema\/logo\/image\/","url":"https:\/\/primeclass.cl\/wp-content\/uploads\/2024\/10\/Logo-sin-fondo.png","contentUrl":"https:\/\/primeclass.cl\/wp-content\/uploads\/2024\/10\/Logo-sin-fondo.png","width":832,"height":832,"caption":"PrimeClass Pac\u00edfico"},"image":{"@id":"https:\/\/primeclass.cl\/#\/schema\/logo\/image\/"},"sameAs":["https:\/\/www.linkedin.com\/company\/primeclass-pacifico","https:\/\/www.instagram.com\/primeclasspacifico\/"]}]}},"_links":{"self":[{"href":"https:\/\/primeclass.cl\/en\/wp-json\/wp\/v2\/product\/528","targetHints":{"allow":["GET"]}}],"collection":[{"href":"https:\/\/primeclass.cl\/en\/wp-json\/wp\/v2\/product"}],"about":[{"href":"https:\/\/primeclass.cl\/en\/wp-json\/wp\/v2\/types\/product"}],"replies":[{"embeddable":true,"href":"https:\/\/primeclass.cl\/en\/wp-json\/wp\/v2\/comments?post=528"}],"wp:featuredmedia":[{"embeddable":true,"href":"https:\/\/primeclass.cl\/en\/wp-json\/wp\/v2\/media\/5374"}],"wp:attachment":[{"href":"https:\/\/primeclass.cl\/en\/wp-json\/wp\/v2\/media?parent=528"}],"wp:term":[{"taxonomy":"product_brand","embeddable":true,"href":"https:\/\/primeclass.cl\/en\/wp-json\/wp\/v2\/product_brand?post=528"},{"taxonomy":"product_cat","embeddable":true,"href":"https:\/\/primeclass.cl\/en\/wp-json\/wp\/v2\/product_cat?post=528"},{"taxonomy":"product_tag","embeddable":true,"href":"https:\/\/primeclass.cl\/en\/wp-json\/wp\/v2\/product_tag?post=528"}],"curies":[{"name":"wp","href":"https:\/\/api.w.org\/{rel}","templated":true}]}}