{"id":1204,"date":"2023-12-07T16:54:28","date_gmt":"2023-12-07T16:54:28","guid":{"rendered":"https:\/\/primeclass.cl\/?page_id=1204"},"modified":"2025-12-05T14:38:56","modified_gmt":"2025-12-05T14:38:56","slug":"contacto","status":"publish","type":"page","link":"https:\/\/primeclass.cl\/en\/contacto\/","title":{"rendered":"Contact us"},"content":{"rendered":"<div data-elementor-type=\"wp-page\" data-elementor-id=\"1204\" class=\"elementor elementor-1204\" data-elementor-post-type=\"page\">\n\t\t\t\t\t\t<section class=\"elementor-section elementor-top-section elementor-element elementor-element-7469100 elementor-section-full_width elementor-section-stretched elementor-section-height-default elementor-section-height-default\" data-id=\"7469100\" data-element_type=\"section\" data-settings=\"{&quot;background_background&quot;:&quot;classic&quot;,&quot;stretch_section&quot;:&quot;section-stretched&quot;}\">\n\t\t\t\t\t\t<div class=\"elementor-container elementor-column-gap-no\">\n\t\t\t\t\t<div class=\"elementor-column elementor-col-50 elementor-top-column elementor-element elementor-element-4e8c3a9\" data-id=\"4e8c3a9\" data-element_type=\"column\">\n\t\t\t<div class=\"elementor-widget-wrap elementor-element-populated\">\n\t\t\t\t\t\t<div class=\"elementor-element elementor-element-cc568a5 elementor-widget elementor-widget-spacer\" data-id=\"cc568a5\" data-element_type=\"widget\" data-widget_type=\"spacer.default\">\n\t\t\t\t<div class=\"elementor-widget-container\">\n\t\t\t\t\t\t\t<div class=\"elementor-spacer\">\n\t\t\t<div class=\"elementor-spacer-inner\"><\/div>\n\t\t<\/div>\n\t\t\t\t\t\t<\/div>\n\t\t\t\t<\/div>\n\t\t\t\t<div class=\"elementor-element elementor-element-8aea755 elementor-widget elementor-widget-heading\" data-id=\"8aea755\" data-element_type=\"widget\" data-widget_type=\"heading.default\">\n\t\t\t\t<div class=\"elementor-widget-container\">\n\t\t\t\t\t<h2 class=\"elementor-heading-title elementor-size-default\">CONTACT<\/h2>\t\t\t\t<\/div>\n\t\t\t\t<\/div>\n\t\t\t\t<div class=\"elementor-element elementor-element-14e1e3e elementor-widget-divider--view-line elementor-widget elementor-widget-divider\" data-id=\"14e1e3e\" data-element_type=\"widget\" data-widget_type=\"divider.default\">\n\t\t\t\t<div class=\"elementor-widget-container\">\n\t\t\t\t\t\t\t<div class=\"elementor-divider\">\n\t\t\t<span class=\"elementor-divider-separator\">\n\t\t\t\t\t\t<\/span>\n\t\t<\/div>\n\t\t\t\t\t\t<\/div>\n\t\t\t\t<\/div>\n\t\t\t\t<div class=\"elementor-element elementor-element-4189b3b elementor-widget elementor-widget-text-editor\" data-id=\"4189b3b\" data-element_type=\"widget\" data-widget_type=\"text-editor.default\">\n\t\t\t\t<div class=\"elementor-widget-container\">\n\t\t\t\t\t\t\t\t\t<p>Your satisfaction is our priority. We are available for you. Contact us for any inquiries, additional information, or to learn more about how we can enhance your experience<\/p><p>For institutional sales: <strong>contacto@primeclass.cl<\/strong><\/p>\t\t\t\t\t\t\t\t<\/div>\n\t\t\t\t<\/div>\n\t\t\t\t<div class=\"elementor-element elementor-element-d47a4e5 elementor-widget elementor-widget-shortcode\" data-id=\"d47a4e5\" data-element_type=\"widget\" data-widget_type=\"shortcode.default\">\n\t\t\t\t<div class=\"elementor-widget-container\">\n\t\t\t\t\t\t\t<div class=\"elementor-shortcode\">[code_snippet id=6 name=\"Bootpress\" format]<\/div>\n\t\t\t\t\t\t<\/div>\n\t\t\t\t<\/div>\n\t\t\t\t<div class=\"elementor-element elementor-element-4cbdb46 elementor-widget elementor-widget-image\" data-id=\"4cbdb46\" data-element_type=\"widget\" data-widget_type=\"image.default\">\n\t\t\t\t<div class=\"elementor-widget-container\">\n\t\t\t\t\t\t\t\t\t\t\t\t\t\t\t<img fetchpriority=\"high\" decoding=\"async\" width=\"300\" height=\"300\" src=\"https:\/\/primeclass.cl\/wp-content\/uploads\/2023\/08\/Sin-titulo-5.png\" class=\"attachment-medium size-medium wp-image-46\" alt=\"Logo PrimeClass\" srcset=\"https:\/\/primeclass.cl\/wp-content\/uploads\/2023\/08\/Sin-titulo-5.png 300w, https:\/\/primeclass.cl\/wp-content\/uploads\/2023\/08\/Sin-titulo-5-100x100.png 100w, https:\/\/primeclass.cl\/wp-content\/uploads\/2023\/08\/Sin-titulo-5-150x150.png 150w\" sizes=\"(max-width: 300px) 100vw, 300px\" \/>\t\t\t\t\t\t\t\t\t\t\t\t\t\t\t<\/div>\n\t\t\t\t<\/div>\n\t\t\t\t\t<\/div>\n\t\t<\/div>\n\t\t\t\t<div class=\"elementor-column elementor-col-50 elementor-top-column elementor-element elementor-element-c635bfb\" data-id=\"c635bfb\" data-element_type=\"column\" data-settings=\"{&quot;background_background&quot;:&quot;classic&quot;}\">\n\t\t\t<div class=\"elementor-widget-wrap elementor-element-populated\">\n\t\t\t\t\t\t<div class=\"elementor-element elementor-element-f728727 elementor-widget elementor-widget-spacer\" data-id=\"f728727\" data-element_type=\"widget\" data-widget_type=\"spacer.default\">\n\t\t\t\t<div class=\"elementor-widget-container\">\n\t\t\t\t\t\t\t<div class=\"elementor-spacer\">\n\t\t\t<div class=\"elementor-spacer-inner\"><\/div>\n\t\t<\/div>\n\t\t\t\t\t\t<\/div>\n\t\t\t\t<\/div>\n\t\t\t\t<div class=\"elementor-element elementor-element-f8482e2 elementor-widget__width-initial elementor-view-default elementor-widget elementor-widget-icon\" data-id=\"f8482e2\" data-element_type=\"widget\" data-widget_type=\"icon.default\">\n\t\t\t\t<div class=\"elementor-widget-container\">\n\t\t\t\t\t\t\t<div class=\"elementor-icon-wrapper\">\n\t\t\t<div class=\"elementor-icon\">\n\t\t\t<i aria-hidden=\"true\" class=\"fab fa-facebook-messenger\"><\/i>\t\t\t<\/div>\n\t\t<\/div>\n\t\t\t\t\t\t<\/div>\n\t\t\t\t<\/div>\n\t\t\t\t<div class=\"elementor-element elementor-element-c6ebb83 elementor-widget__width-initial elementor-widget elementor-widget-text-editor\" data-id=\"c6ebb83\" data-element_type=\"widget\" data-widget_type=\"text-editor.default\">\n\t\t\t\t<div class=\"elementor-widget-container\">\n\t\t\t\t\t\t\t\t\t<p><strong>En la esquina inferior derecha encontrar\u00e1 el \u00edcono del Asistente PrimeClass AI. Al seleccionarlo, podr\u00e1s realizar consultas sobre nuestros servicios, reservas, beneficios y procedimientos.<\/strong><\/p>\t\t\t\t\t\t\t\t<\/div>\n\t\t\t\t<\/div>\n\t\t\t\t<div class=\"elementor-element elementor-element-1af8eb7 elementor-button-align-stretch elementor-widget elementor-widget-form\" data-id=\"1af8eb7\" data-element_type=\"widget\" data-settings=\"{&quot;step_next_label&quot;:&quot;Next&quot;,&quot;step_previous_label&quot;:&quot;Previous&quot;,&quot;button_width&quot;:&quot;100&quot;,&quot;step_type&quot;:&quot;number_text&quot;,&quot;step_icon_shape&quot;:&quot;circle&quot;}\" data-widget_type=\"form.default\">\n\t\t\t\t<div class=\"elementor-widget-container\">\n\t\t\t\t\t\t\t<form class=\"elementor-form\" method=\"post\" name=\"Formulario de contacto\" aria-label=\"Formulario de contacto\" action=\"\">\n\t\t\t<input type=\"hidden\" name=\"post_id\" value=\"1204\"\/>\n\t\t\t<input type=\"hidden\" name=\"form_id\" value=\"1af8eb7\"\/>\n\t\t\t<input type=\"hidden\" name=\"referer_title\" value=\"Contacto - Salones Prime Class Pac\u00edfico\" \/>\n\n\t\t\t\t\t\t\t<input type=\"hidden\" name=\"queried_id\" value=\"1204\"\/>\n\t\t\t\n\t\t\t<div class=\"elementor-form-fields-wrapper elementor-labels-above\">\n\t\t\t\t\t\t\t\t<div class=\"elementor-field-type-text elementor-field-group elementor-column elementor-field-group-name elementor-col-100 elementor-field-required\">\n\t\t\t\t\t\t\t\t\t\t\t\t<label for=\"form-field-name\" class=\"elementor-field-label\">\n\t\t\t\t\t\t\t\tFull Name\t\t\t\t\t\t\t<\/label>\n\t\t\t\t\t\t\t\t\t\t\t\t\t\t<input size=\"1\" type=\"text\" name=\"form_fields[name]\" id=\"form-field-name\" class=\"elementor-field elementor-size-sm  elementor-field-textual\" placeholder=\"Full Name\" required=\"required\">\n\t\t\t\t\t\t\t\t\t\t\t<\/div>\n\t\t\t\t\t\t\t\t<div class=\"elementor-field-type-email elementor-field-group elementor-column elementor-field-group-email elementor-col-100 elementor-field-required\">\n\t\t\t\t\t\t\t\t\t\t\t\t<label for=\"form-field-email\" class=\"elementor-field-label\">\n\t\t\t\t\t\t\t\tEmail\t\t\t\t\t\t\t<\/label>\n\t\t\t\t\t\t\t\t\t\t\t\t\t\t<input size=\"1\" type=\"email\" name=\"form_fields[email]\" id=\"form-field-email\" class=\"elementor-field elementor-size-sm  elementor-field-textual\" placeholder=\"Email\" required=\"required\">\n\t\t\t\t\t\t\t\t\t\t\t<\/div>\n\t\t\t\t\t\t\t\t<div class=\"elementor-field-type-tel elementor-field-group elementor-column elementor-field-group-field_406dd66 elementor-col-100 elementor-field-required\">\n\t\t\t\t\t\t\t\t\t\t\t\t<label for=\"form-field-field_406dd66\" class=\"elementor-field-label\">\n\t\t\t\t\t\t\t\tPhone number\t\t\t\t\t\t\t<\/label>\n\t\t\t\t\t\t\t\t<input size=\"1\" type=\"tel\" name=\"form_fields[field_406dd66]\" id=\"form-field-field_406dd66\" class=\"elementor-field elementor-size-sm  elementor-field-textual\" placeholder=\"Phone number\" required=\"required\" pattern=\"[0-9()#&amp;+*-=.]+\" title=\"Phone\">\n\n\t\t\t\t\t\t<\/div>\n\t\t\t\t\t\t\t\t<div class=\"elementor-field-type-textarea elementor-field-group elementor-column elementor-field-group-message elementor-col-100\">\n\t\t\t\t\t\t\t\t\t\t\t\t<label for=\"form-field-message\" class=\"elementor-field-label\">\n\t\t\t\t\t\t\t\tMessage\t\t\t\t\t\t\t<\/label>\n\t\t\t\t\t\t<textarea class=\"elementor-field-textual elementor-field  elementor-size-sm\" name=\"form_fields[message]\" id=\"form-field-message\" rows=\"4\" placeholder=\"write your message here\"><\/textarea>\t\t\t\t<\/div>\n\t\t\t\t\t\t\t\t<div class=\"elementor-field-type-recaptcha_v3 elementor-field-group elementor-column elementor-field-group-field_3d50e7a elementor-col-100 recaptcha_v3-bottomleft\">\n\t\t\t\t\t<div class=\"elementor-field\" id=\"form-field-field_3d50e7a\"><div class=\"elementor-g-recaptcha\" data-sitekey=\"6LdQH2wqAAAAAAn5Aa7B57ni1xVuNwDW4PNJQiGv\" data-type=\"v3\" data-action=\"Form\" data-badge=\"bottomleft\" data-size=\"invisible\"><\/div><\/div>\t\t\t\t<\/div>\n\t\t\t\t\t\t\t\t<div class=\"elementor-field-group elementor-column elementor-field-type-submit elementor-col-100 e-form__buttons\">\n\t\t\t\t\t<button class=\"elementor-button elementor-size-sm\" type=\"submit\">\n\t\t\t\t\t\t<span class=\"elementor-button-content-wrapper\">\n\t\t\t\t\t\t\t\t\t\t\t\t\t\t\t\t\t\t\t\t\t\t<span class=\"elementor-button-text\">Send<\/span>\n\t\t\t\t\t\t\t\t\t\t\t\t\t<\/span>\n\t\t\t\t\t<\/button>\n\t\t\t\t<\/div>\n\t\t\t<\/div>\n\t\t<input type=\"hidden\" name=\"trp-form-language\" value=\"en\"\/><\/form>\n\t\t\t\t\t\t<\/div>\n\t\t\t\t<\/div>\n\t\t\t\t<div class=\"elementor-element elementor-element-6e71dac elementor-widget elementor-widget-spacer\" data-id=\"6e71dac\" data-element_type=\"widget\" data-widget_type=\"spacer.default\">\n\t\t\t\t<div class=\"elementor-widget-container\">\n\t\t\t\t\t\t\t<div class=\"elementor-spacer\">\n\t\t\t<div class=\"elementor-spacer-inner\"><\/div>\n\t\t<\/div>\n\t\t\t\t\t\t<\/div>\n\t\t\t\t<\/div>\n\t\t\t\t\t<\/div>\n\t\t<\/div>\n\t\t\t\t\t<\/div>\n\t\t<\/section>\n\t\t\t\t<\/div>","protected":false},"excerpt":{"rendered":"<p>CONTACTO Tu satisfacci\u00f3n es nuestra prioridad. Estamos disponibles para ti. Cont\u00e1ctanos para cualquier consulta, informaci\u00f3n adicional o para conocer m\u00e1s sobre c\u00f3mo podemos mejorar tu experiencia. Para ventas institucionales: contacto@primeclass.cl [code_snippet id=6 name=&#8221;Bootpress&#8221; format] En la esquina inferior derecha encontrar\u00e1 el \u00edcono del Asistente PrimeClass AI. Al seleccionarlo, podr\u00e1s realizar consultas sobre nuestros servicios, reservas, [&hellip;]<\/p>","protected":false},"author":13,"featured_media":0,"parent":0,"menu_order":0,"comment_status":"closed","ping_status":"closed","template":"elementor_header_footer","meta":{"footnotes":""},"class_list":["post-1204","page","type-page","status-publish","hentry"],"yoast_head":"<!-- This site is optimized with the Yoast SEO plugin v26.7 - https:\/\/yoast.com\/wordpress\/plugins\/seo\/ -->\n<title>Contacto - Salones Prime Class Pac\u00edfico<\/title>\n<meta name=\"description\" content=\"\u00bfConsultas? Escr\u00edbenos. PrimeClass Pac\u00edfico brinda atenci\u00f3n personalizada en sus salones VIP del Aeropuerto de Santiago de Chile.\" \/>\n<meta name=\"robots\" content=\"index, follow, max-snippet:-1, max-image-preview:large, max-video-preview:-1\" \/>\n<link rel=\"canonical\" href=\"https:\/\/primeclass.cl\/en\/contacto\/\" \/>\n<meta property=\"og:locale\" content=\"en_US\" \/>\n<meta property=\"og:type\" content=\"article\" \/>\n<meta property=\"og:title\" content=\"Contacto - Salones Prime Class Pac\u00edfico\" \/>\n<meta property=\"og:description\" content=\"\u00bfConsultas? Escr\u00edbenos. PrimeClass Pac\u00edfico brinda atenci\u00f3n personalizada en sus salones VIP del Aeropuerto de Santiago de Chile.\" \/>\n<meta property=\"og:url\" content=\"https:\/\/primeclass.cl\/en\/contacto\/\" \/>\n<meta property=\"og:site_name\" content=\"PrimeClass\" \/>\n<meta property=\"article:modified_time\" content=\"2025-12-05T14:38:56+00:00\" \/>\n<meta property=\"og:image\" content=\"https:\/\/primeclass.cl\/wp-content\/uploads\/2023\/08\/Sin-titulo-5.png\" \/>\n\t<meta property=\"og:image:width\" content=\"300\" \/>\n\t<meta property=\"og:image:height\" content=\"300\" \/>\n\t<meta property=\"og:image:type\" content=\"image\/png\" \/>\n<meta name=\"twitter:card\" content=\"summary_large_image\" \/>\n<meta name=\"twitter:label1\" content=\"Est. reading time\" \/>\n\t<meta name=\"twitter:data1\" content=\"1 minute\" \/>\n<script type=\"application\/ld+json\" class=\"yoast-schema-graph\">{\"@context\":\"https:\/\/schema.org\",\"@graph\":[{\"@type\":\"WebPage\",\"@id\":\"https:\/\/primeclass.cl\/contacto\/\",\"url\":\"https:\/\/primeclass.cl\/contacto\/\",\"name\":\"Contacto - Salones Prime Class Pac\u00edfico\",\"isPartOf\":{\"@id\":\"https:\/\/primeclass.cl\/#website\"},\"primaryImageOfPage\":{\"@id\":\"https:\/\/primeclass.cl\/contacto\/#primaryimage\"},\"image\":{\"@id\":\"https:\/\/primeclass.cl\/contacto\/#primaryimage\"},\"thumbnailUrl\":\"https:\/\/primeclass.cl\/wp-content\/uploads\/2023\/08\/Sin-titulo-5.png\",\"datePublished\":\"2023-12-07T16:54:28+00:00\",\"dateModified\":\"2025-12-05T14:38:56+00:00\",\"description\":\"\u00bfConsultas? Escr\u00edbenos. PrimeClass Pac\u00edfico brinda atenci\u00f3n personalizada en sus salones VIP del Aeropuerto de Santiago de Chile.\",\"breadcrumb\":{\"@id\":\"https:\/\/primeclass.cl\/contacto\/#breadcrumb\"},\"inLanguage\":\"en-US\",\"potentialAction\":[{\"@type\":\"ReadAction\",\"target\":[\"https:\/\/primeclass.cl\/contacto\/\"]}]},{\"@type\":\"ImageObject\",\"inLanguage\":\"en-US\",\"@id\":\"https:\/\/primeclass.cl\/contacto\/#primaryimage\",\"url\":\"https:\/\/primeclass.cl\/wp-content\/uploads\/2023\/08\/Sin-titulo-5.png\",\"contentUrl\":\"https:\/\/primeclass.cl\/wp-content\/uploads\/2023\/08\/Sin-titulo-5.png\"},{\"@type\":\"BreadcrumbList\",\"@id\":\"https:\/\/primeclass.cl\/contacto\/#breadcrumb\",\"itemListElement\":[{\"@type\":\"ListItem\",\"position\":1,\"name\":\"Portada\",\"item\":\"https:\/\/primeclass.cl\/\"},{\"@type\":\"ListItem\",\"position\":2,\"name\":\"Contacto\"}]},{\"@type\":\"WebSite\",\"@id\":\"https:\/\/primeclass.cl\/#website\",\"url\":\"https:\/\/primeclass.cl\/\",\"name\":\"Prime Class Salones Vip\",\"description\":\"Salones Vip Aeropuerto SCL\",\"publisher\":{\"@id\":\"https:\/\/primeclass.cl\/#organization\"},\"potentialAction\":[{\"@type\":\"SearchAction\",\"target\":{\"@type\":\"EntryPoint\",\"urlTemplate\":\"https:\/\/primeclass.cl\/?s={search_term_string}\"},\"query-input\":{\"@type\":\"PropertyValueSpecification\",\"valueRequired\":true,\"valueName\":\"search_term_string\"}}],\"inLanguage\":\"en-US\"},{\"@type\":\"Organization\",\"@id\":\"https:\/\/primeclass.cl\/#organization\",\"name\":\"PrimeClass Pac\u00edfico\",\"url\":\"https:\/\/primeclass.cl\/\",\"logo\":{\"@type\":\"ImageObject\",\"inLanguage\":\"en-US\",\"@id\":\"https:\/\/primeclass.cl\/#\/schema\/logo\/image\/\",\"url\":\"https:\/\/primeclass.cl\/wp-content\/uploads\/2024\/10\/Logo-sin-fondo.png\",\"contentUrl\":\"https:\/\/primeclass.cl\/wp-content\/uploads\/2024\/10\/Logo-sin-fondo.png\",\"width\":832,\"height\":832,\"caption\":\"PrimeClass Pac\u00edfico\"},\"image\":{\"@id\":\"https:\/\/primeclass.cl\/#\/schema\/logo\/image\/\"},\"sameAs\":[\"https:\/\/www.linkedin.com\/company\/primeclass-pacifico\",\"https:\/\/www.instagram.com\/primeclasspacifico\/\"]}]}<\/script>\n<!-- \/ Yoast SEO plugin. -->","yoast_head_json":{"title":"Contact","description":"Questions? Write to us. PrimeClass Pacific offers personalized service at its VIP lounges at Santiago de Chile Airport.","robots":{"index":"index","follow":"follow","max-snippet":"max-snippet:-1","max-image-preview":"max-image-preview:large","max-video-preview":"max-video-preview:-1"},"canonical":"https:\/\/primeclass.cl\/en\/contacto\/","og_locale":"en_US","og_type":"article","og_title":"Contacto - Salones Prime Class Pac\u00edfico","og_description":"\u00bfConsultas? Escr\u00edbenos. PrimeClass Pac\u00edfico brinda atenci\u00f3n personalizada en sus salones VIP del Aeropuerto de Santiago de Chile.","og_url":"https:\/\/primeclass.cl\/en\/contacto\/","og_site_name":"PrimeClass","article_modified_time":"2025-12-05T14:38:56+00:00","og_image":[{"width":300,"height":300,"url":"https:\/\/primeclass.cl\/wp-content\/uploads\/2023\/08\/Sin-titulo-5.png","type":"image\/png"}],"twitter_card":"summary_large_image","twitter_misc":{"Est. reading time":"1 minute"},"schema":{"@context":"https:\/\/schema.org","@graph":[{"@type":"WebPage","@id":"https:\/\/primeclass.cl\/contacto\/","url":"https:\/\/primeclass.cl\/contacto\/","name":"Contact","isPartOf":{"@id":"https:\/\/primeclass.cl\/#website"},"primaryImageOfPage":{"@id":"https:\/\/primeclass.cl\/contacto\/#primaryimage"},"image":{"@id":"https:\/\/primeclass.cl\/contacto\/#primaryimage"},"thumbnailUrl":"https:\/\/primeclass.cl\/wp-content\/uploads\/2023\/08\/Sin-titulo-5.png","datePublished":"2023-12-07T16:54:28+00:00","dateModified":"2025-12-05T14:38:56+00:00","description":"Questions? Write to us. PrimeClass Pacific offers personalized service at its VIP lounges at Santiago de Chile Airport.","breadcrumb":{"@id":"https:\/\/primeclass.cl\/contacto\/#breadcrumb"},"inLanguage":"en-US","potentialAction":[{"@type":"ReadAction","target":["https:\/\/primeclass.cl\/contacto\/"]}]},{"@type":"ImageObject","inLanguage":"en-US","@id":"https:\/\/primeclass.cl\/contacto\/#primaryimage","url":"https:\/\/primeclass.cl\/wp-content\/uploads\/2023\/08\/Sin-titulo-5.png","contentUrl":"https:\/\/primeclass.cl\/wp-content\/uploads\/2023\/08\/Sin-titulo-5.png"},{"@type":"BreadcrumbList","@id":"https:\/\/primeclass.cl\/contacto\/#breadcrumb","itemListElement":[{"@type":"ListItem","position":1,"name":"Portada","item":"https:\/\/primeclass.cl\/"},{"@type":"ListItem","position":2,"name":"Contacto"}]},{"@type":"WebSite","@id":"https:\/\/primeclass.cl\/#website","url":"https:\/\/primeclass.cl\/","name":"Prime Class Salones Vip","description":"Salones Vip Aeropuerto SCL","publisher":{"@id":"https:\/\/primeclass.cl\/#organization"},"potentialAction":[{"@type":"SearchAction","target":{"@type":"EntryPoint","urlTemplate":"https:\/\/primeclass.cl\/?s={search_term_string}"},"query-input":{"@type":"PropertyValueSpecification","valueRequired":true,"valueName":"search_term_string"}}],"inLanguage":"en-US"},{"@type":"Organization","@id":"https:\/\/primeclass.cl\/#organization","name":"PrimeClass Pac\u00edfico","url":"https:\/\/primeclass.cl\/","logo":{"@type":"ImageObject","inLanguage":"en-US","@id":"https:\/\/primeclass.cl\/#\/schema\/logo\/image\/","url":"https:\/\/primeclass.cl\/wp-content\/uploads\/2024\/10\/Logo-sin-fondo.png","contentUrl":"https:\/\/primeclass.cl\/wp-content\/uploads\/2024\/10\/Logo-sin-fondo.png","width":832,"height":832,"caption":"PrimeClass Pac\u00edfico"},"image":{"@id":"https:\/\/primeclass.cl\/#\/schema\/logo\/image\/"},"sameAs":["https:\/\/www.linkedin.com\/company\/primeclass-pacifico","https:\/\/www.instagram.com\/primeclasspacifico\/"]}]}},"_links":{"self":[{"href":"https:\/\/primeclass.cl\/en\/wp-json\/wp\/v2\/pages\/1204","targetHints":{"allow":["GET"]}}],"collection":[{"href":"https:\/\/primeclass.cl\/en\/wp-json\/wp\/v2\/pages"}],"about":[{"href":"https:\/\/primeclass.cl\/en\/wp-json\/wp\/v2\/types\/page"}],"author":[{"embeddable":true,"href":"https:\/\/primeclass.cl\/en\/wp-json\/wp\/v2\/users\/13"}],"replies":[{"embeddable":true,"href":"https:\/\/primeclass.cl\/en\/wp-json\/wp\/v2\/comments?post=1204"}],"version-history":[{"count":66,"href":"https:\/\/primeclass.cl\/en\/wp-json\/wp\/v2\/pages\/1204\/revisions"}],"predecessor-version":[{"id":6502,"href":"https:\/\/primeclass.cl\/en\/wp-json\/wp\/v2\/pages\/1204\/revisions\/6502"}],"wp:attachment":[{"href":"https:\/\/primeclass.cl\/en\/wp-json\/wp\/v2\/media?parent=1204"}],"curies":[{"name":"wp","href":"https:\/\/api.w.org\/{rel}","templated":true}]}}